{"id":2965,"date":"2022-12-25T08:34:17","date_gmt":"2022-12-25T08:34:17","guid":{"rendered":"https:\/\/zergoungreenenergy.com\/zge\/?page_id=2965"},"modified":"2023-02-19T08:28:06","modified_gmt":"2023-02-19T08:28:06","slug":"nouvelles","status":"publish","type":"page","link":"https:\/\/zergoungreenenergy.com\/en\/index.php\/nouvelles\/","title":{"rendered":"News"},"content":{"rendered":"<section class=\"wpb-content-wrapper\"><p>[vc_row][vc_column]<div class=\"porto-recent-posts wpb_content_element  wpb_custom_8d967c2e2658a31efb9fd37ae26ff686\">\t<div class=\"post-carousel porto-carousel owl-carousel has-ccols ccols-1 ccols-lg-3 ccols-md-3 ccols-sm-2 has-ccols-spacing\" data-plugin-options=\"{&quot;themeConfig&quot;:true,&quot;lg&quot;:3,&quot;md&quot;:3,&quot;sm&quot;:2,&quot;margin&quot;:30}\">\n\t\t<div class=\"post-slide\"><div class=\"post-item style-5\">\n\t\t<a aria-label=\"Post Item\" href=\"https:\/\/zergoungreenenergy.com\/en\/index.php\/2026\/03\/05\/zergoun-green-energy-supports-an-innovative-artificial-intelligence-project-at-the-university-of-ouargla\/\"> <span class=\"post-image thumb-info thumb-info-hide-wrapper-bg m-b-lg\"> <span class=\"thumb-info-wrapper\"> <img loading=\"lazy\" decoding=\"async\" class=\"img-responsive\" width=\"450\" height=\"231\" src=\"https:\/\/zergoungreenenergy.com\/en\/wp-content\/uploads\/2026\/03\/zergoun-brothers-group-partnership-university-ouargla-green-energy-450x231.webp\" alt=\"\" \/>\n\t\t\t<span class=\"zoom\" data-mfp-src=\"https:\/\/zergoungreenenergy.com\/en\/wp-content\/uploads\/2026\/03\/zergoun-brothers-group-partnership-university-ouargla-green-energy.webp\" data-title=\"\"><i class=\"fas fa-search\"><\/i><\/span>\n\t\t<\/span> <\/span> <\/a>\n\t\t\t<h3 class=\"porto-post-title\"> <a href=\"https:\/\/zergoungreenenergy.com\/en\/index.php\/2026\/03\/05\/zergoun-green-energy-supports-an-innovative-artificial-intelligence-project-at-the-university-of-ouargla\/\">\n\tZergoun Green Energy Supports an Innovative Artificial Intelligence Project at the University of Ouargla\t<\/a> <\/h3>\n\t<p class=\"post-excerpt\">As part of its ongoing commitment to innovation and the development of local talent, Zergoun Green Energy, a subsidiary of...<\/p>\t<div class=\"post-meta clearfix m-t-lg\">\n\t\t<span class=\"meta-date\"><i class=\"far fa-calendar-alt\"><\/i> March 5, 2026<\/span>\n\t\t\t\t\t\t<\/div>\n<\/div>\n<\/div><div class=\"post-slide\"><div class=\"post-item style-5\">\n\t\t\t<h3 class=\"porto-post-title\"> <a href=\"https:\/\/zergoungreenenergy.com\/en\/index.php\/2023\/02\/25\/une-premiere-300mw-de-capacites-de-nouvelles-usines-photovoltaiques-en-algerie-aux-normes-internationales-pour-eviter-une-importation-inutile-et-onereuse-source-aps\/\">\n\t<h2 class=\"post_excerpt\"><a href=\"https:\/\/www.algerie-eco.com\/2023\/02\/25\/une-premiere-300mw-de-capacites-de-nouvelles-usines-photovoltaiques-en-algerie-aux-normes-internationales-pour-eviter-une-importation-inutile-et-onereuse\/\" target=\"_blank\" rel=\"noopener\">Une premi\u00e8re : 300mw de capacit\u00e9s de nouvelles usines photovolta\u00efques en Alg\u00e9rie aux normes internationales pour \u00e9viter une importation inutile et on\u00e9reuse <\/a>\u00a0<\/h2>Source : ALGERIE ECO\t<\/a> <\/h3>\n\t<p class=\"post-excerpt\">Apres un d\u00e9but difficile il y a quelques ann\u00e9es c\u00f4t\u00e9 usines photovolta\u00efques (PV) Alg\u00e9riennes, une excellente nouvelle pour la transition...<\/p>\t<div class=\"post-meta clearfix m-t-lg\">\n\t\t<span class=\"meta-date\"><i class=\"far fa-calendar-alt\"><\/i> February 25, 2023<\/span>\n\t\t\t\t\t\t<\/div>\n<\/div>\n<\/div><div class=\"post-slide\"><div class=\"post-item style-5\">\n\t\t\t<h3 class=\"porto-post-title\"> <a href=\"https:\/\/zergoungreenenergy.com\/en\/index.php\/2022\/10\/24\/zergoun-inaugure-une-usine-de-production-de-panneaux-solaire-a-ouargla-3-2\/\">\n\t<h2 class=\"post_excerpt\"><a href=\"https:\/\/www.aps.dz\/regions\/146588-oran-50-exposants-au-salon-international-des-energies-renouvelables\" target=\"_blank\" rel=\"noopener\">Oran: 50 exposants au Salon international des \u00e9nergies renouvelables <\/a>\u00a0<\/h2>Source : APS\t<\/a> <\/h3>\n\t<p class=\"post-excerpt\">Le salon a \u00e9t\u00e9 inaugur\u00e9 par le secr\u00e9taire g\u00e9n\u00e9ral du minist\u00e8re de l\u2019Environnement et des Energies renouvelables, Bouziane Mahmah, repr\u00e9sentant...<\/p>\t<div class=\"post-meta clearfix m-t-lg\">\n\t\t<span class=\"meta-date\"><i class=\"far fa-calendar-alt\"><\/i> October 24, 2022<\/span>\n\t\t\t\t\t\t<\/div>\n<\/div>\n<\/div><div class=\"post-slide\"><div class=\"post-item style-5\">\n\t\t\t<h3 class=\"porto-post-title\"> <a href=\"https:\/\/zergoungreenenergy.com\/en\/index.php\/2022\/08\/24\/%d8%a7%d9%87%d8%aa%d9%85%d8%a7%d9%85-%d9%87%d9%86%d8%af%d9%8a-%d8%a8%d9%85%d8%b4%d8%b1%d9%88%d8%b9-%d8%a7%d9%84%d8%b7%d8%a7%d9%82%d8%a9-%d8%a7%d9%84%d8%b4%d9%85%d8%b3%d9%8a%d8%a9-%d8%a7%d9%84%d8%b6\/\">\n\t<h2 class=\"post_excerpt\"><a href=\"https:\/\/www.echoroukonline.com\/%D8%A7%D9%87%D8%AA%D9%85%D8%A7%D9%85-%D9%87%D9%86%D8%AF%D9%8A-%D8%A8%D9%85%D8%B4%D8%B1%D9%88%D8%B9-%D8%A7%D9%84%D8%B7%D8%A7%D9%82%D8%A9-%D8%A7%D9%84%D8%B4%D9%85%D8%B3%D9%8A%D8%A9-%D8%A7%D9%84%D8%B6\" target=\"_blank\" rel=\"noopener\">\u0627\u0647\u062a\u0645\u0627\u0645 \u0647\u0646\u062f\u064a \u0628\u0645\u0634\u0631\u0648\u0639 \u0627\u0644\u0637\u0627\u0642\u0629 \u0627\u0644\u0634\u0645\u0633\u064a\u0629 \u0627\u0644\u0636\u062e\u0645 \u0628\u0627\u0644\u062c\u0632\u0627\u0626\u0631<\/a>\u00a0<\/h2>Source : Journal Echorouk Online\t<\/a> <\/h3>\n\t<p class=\"post-excerpt\">.\u0623\u0628\u062f\u062a \u0634\u0631\u0643\u0629 \u0647\u0646\u062f\u064a\u0629\u00a0 \u0631\u063a\u0628\u062a\u0647\u0627 \u0641\u064a \u0627\u0644\u0627\u0633\u062a\u062b\u0645\u0627\u0631 \u0648\u0627\u0644\u062a\u0639\u0627\u0648\u0646 \u0627\u0644\u062a\u0642\u0646\u064a \u0641\u064a \u0645\u062c\u0627\u0644 \u0627\u0644\u0637\u0627\u0642\u0627\u062a \u0627\u0644\u0645\u062a\u062c\u062f\u062f\u0629 \u0628\u0627\u0644\u062c\u0632\u0627\u0626\u0631 \u0648\u062c\u0627\u0621 \u0647\u0630\u0627 \u062e\u0644\u0627\u0644 \u0627\u0633\u062a\u0642\u0628\u0627\u0644 \u0627\u0644\u0623\u0645\u064a\u0646 \u0627\u0644\u0639\u0627\u0645 \u0644\u0648\u0632\u0627\u0631\u0629...<\/p>\t<div class=\"post-meta clearfix m-t-lg\">\n\t\t<span class=\"meta-date\"><i class=\"far fa-calendar-alt\"><\/i> August 24, 2022<\/span>\n\t\t\t\t\t\t<\/div>\n<\/div>\n<\/div><div class=\"post-slide\"><div class=\"post-item style-5\">\n\t\t\t<h3 class=\"porto-post-title\"> <a href=\"https:\/\/zergoungreenenergy.com\/en\/index.php\/2022\/07\/12\/%d9%88%d8%b1%d9%82%d9%84%d8%a9-%d8%aa%d8%af%d8%b4%d9%8a%d9%86-%d9%85%d8%b5%d9%86%d8%b9-%d9%84%d9%84%d8%a3%d9%84%d9%88%d8%a7%d8%ad-%d8%a7%d9%84%d8%b4%d9%85%d8%b3%d9%8a%d8%a9-%d8%a8%d8%b7%d8%a7%d9%82\/\">\n\t<h2 class=\"post_excerpt\"><a href=\"https:\/\/www.mondragon-assembly.com\/2022\/07\/mondragon-assembly-completes-training-programme-for-zergoun-green-energy-in-algeria\/\">Mondragon Assembly ach\u00e8ve un programme de formation pour Zergoun Green Energy en Alg\u00e9rie<\/a>\u00a0<\/h2>Source : Mondragon\t<\/a> <\/h3>\n\t<p class=\"post-excerpt\">La ligne, qui a d\u00e9marr\u00e9 la fabrication de ses premiers modules d\u00e9but avril, dispose d\u00e9j\u00e0 de tous les ingr\u00e9dients pour...<\/p>\t<div class=\"post-meta clearfix m-t-lg\">\n\t\t<span class=\"meta-date\"><i class=\"far fa-calendar-alt\"><\/i> July 12, 2022<\/span>\n\t\t\t\t\t\t<\/div>\n<\/div>\n<\/div><div class=\"post-slide\"><div class=\"post-item style-5\">\n\t\t\t<h3 class=\"porto-post-title\"> <a href=\"https:\/\/zergoungreenenergy.com\/en\/index.php\/2022\/06\/13\/zergoun-inaugure-une-usine-de-production-de-panneaux-solaire-a-ouargla\/\">\n\t<h2 class=\"post_excerpt\"><a href=\"https:\/\/www.afrik21.africa\/algerie-zergoun-inaugure-une-usine-de-production-de-panneaux-solaires-a-ouargla\/\" target=\"_blank\" rel=\"noopener\">Zergoun inaugure une usine de production de panneaux solaire \u00e0 Ouargla <\/a>\u00a0<\/h2>Source : Afrik 21\t<\/a> <\/h3>\n\t<p class=\"post-excerpt\">L\u2019entreprise alg\u00e9rienne Zergoun Green Energy met officiellement en service son usine de production de panneaux solaires \u00e0 Ouargla.L\u2019installation qui affiche...<\/p>\t<div class=\"post-meta clearfix m-t-lg\">\n\t\t<span class=\"meta-date\"><i class=\"far fa-calendar-alt\"><\/i> June 13, 2022<\/span>\n\t\t\t\t\t\t<\/div>\n<\/div>\n<\/div>\t<\/div>\n\t<\/div>[\/vc_column][\/vc_row]<\/p>\n<\/section>","protected":false},"excerpt":{"rendered":"<p>[vc_row][vc_column][\/vc_column][\/vc_row]<\/p>\n","protected":false},"author":2,"featured_media":0,"parent":0,"menu_order":0,"comment_status":"closed","ping_status":"closed","template":"","meta":{"footnotes":""},"class_list":["post-2965","page","type-page","status-publish","hentry"],"yoast_head":"<!-- This site is optimized with the Yoast SEO Premium plugin v20.0 (Yoast SEO v20.2.1) - https:\/\/yoast.com\/wordpress\/plugins\/seo\/ -->\n<title>News - zergoun green energy<\/title>\n<meta name=\"robots\" content=\"index, follow, max-snippet:-1, max-image-preview:large, max-video-preview:-1\" \/>\n<link rel=\"canonical\" href=\"https:\/\/zergoungreenenergy.com\/en\/index.php\/nouvelles\/\" \/>\n<meta property=\"og:locale\" content=\"en_US\" \/>\n<meta property=\"og:type\" content=\"article\" \/>\n<meta property=\"og:title\" content=\"News\" \/>\n<meta property=\"og:description\" content=\"[vc_row][vc_column][\/vc_column][\/vc_row]\" \/>\n<meta property=\"og:url\" content=\"https:\/\/zergoungreenenergy.com\/en\/index.php\/nouvelles\/\" \/>\n<meta property=\"og:site_name\" content=\"zergoun green energy\" \/>\n<meta property=\"article:modified_time\" content=\"2023-02-19T08:28:06+00:00\" \/>\n<meta name=\"twitter:card\" content=\"summary_large_image\" \/>\n<meta name=\"twitter:label1\" content=\"Est. reading time\" \/>\n\t<meta name=\"twitter:data1\" content=\"1 minute\" \/>\n<script type=\"application\/ld+json\" class=\"yoast-schema-graph\">{\"@context\":\"https:\/\/schema.org\",\"@graph\":[{\"@type\":\"WebPage\",\"@id\":\"https:\/\/zergoungreenenergy.com\/en\/index.php\/nouvelles\/\",\"url\":\"https:\/\/zergoungreenenergy.com\/en\/index.php\/nouvelles\/\",\"name\":\"News - zergoun green energy\",\"isPartOf\":{\"@id\":\"https:\/\/zergoungreenenergy.com\/en\/#website\"},\"datePublished\":\"2022-12-25T08:34:17+00:00\",\"dateModified\":\"2023-02-19T08:28:06+00:00\",\"breadcrumb\":{\"@id\":\"https:\/\/zergoungreenenergy.com\/en\/index.php\/nouvelles\/#breadcrumb\"},\"inLanguage\":\"en-US\",\"potentialAction\":[{\"@type\":\"ReadAction\",\"target\":[\"https:\/\/zergoungreenenergy.com\/en\/index.php\/nouvelles\/\"]}]},{\"@type\":\"BreadcrumbList\",\"@id\":\"https:\/\/zergoungreenenergy.com\/en\/index.php\/nouvelles\/#breadcrumb\",\"itemListElement\":[{\"@type\":\"ListItem\",\"position\":1,\"name\":\"Home\",\"item\":\"https:\/\/zergoungreenenergy.com\/en\/\"},{\"@type\":\"ListItem\",\"position\":2,\"name\":\"News\"}]},{\"@type\":\"WebSite\",\"@id\":\"https:\/\/zergoungreenenergy.com\/en\/#website\",\"url\":\"https:\/\/zergoungreenenergy.com\/en\/\",\"name\":\"zergoun green energy\",\"description\":\"\",\"potentialAction\":[{\"@type\":\"SearchAction\",\"target\":{\"@type\":\"EntryPoint\",\"urlTemplate\":\"https:\/\/zergoungreenenergy.com\/en\/?s={search_term_string}\"},\"query-input\":\"required name=search_term_string\"}],\"inLanguage\":\"en-US\"}]}<\/script>\n<!-- \/ Yoast SEO Premium plugin. -->","yoast_head_json":{"title":"News - zergoun green energy","robots":{"index":"index","follow":"follow","max-snippet":"max-snippet:-1","max-image-preview":"max-image-preview:large","max-video-preview":"max-video-preview:-1"},"canonical":"https:\/\/zergoungreenenergy.com\/en\/index.php\/nouvelles\/","og_locale":"en_US","og_type":"article","og_title":"News","og_description":"[vc_row][vc_column][\/vc_column][\/vc_row]","og_url":"https:\/\/zergoungreenenergy.com\/en\/index.php\/nouvelles\/","og_site_name":"zergoun green energy","article_modified_time":"2023-02-19T08:28:06+00:00","twitter_card":"summary_large_image","twitter_misc":{"Est. reading time":"1 minute"},"schema":{"@context":"https:\/\/schema.org","@graph":[{"@type":"WebPage","@id":"https:\/\/zergoungreenenergy.com\/en\/index.php\/nouvelles\/","url":"https:\/\/zergoungreenenergy.com\/en\/index.php\/nouvelles\/","name":"News - zergoun green energy","isPartOf":{"@id":"https:\/\/zergoungreenenergy.com\/en\/#website"},"datePublished":"2022-12-25T08:34:17+00:00","dateModified":"2023-02-19T08:28:06+00:00","breadcrumb":{"@id":"https:\/\/zergoungreenenergy.com\/en\/index.php\/nouvelles\/#breadcrumb"},"inLanguage":"en-US","potentialAction":[{"@type":"ReadAction","target":["https:\/\/zergoungreenenergy.com\/en\/index.php\/nouvelles\/"]}]},{"@type":"BreadcrumbList","@id":"https:\/\/zergoungreenenergy.com\/en\/index.php\/nouvelles\/#breadcrumb","itemListElement":[{"@type":"ListItem","position":1,"name":"Home","item":"https:\/\/zergoungreenenergy.com\/en\/"},{"@type":"ListItem","position":2,"name":"News"}]},{"@type":"WebSite","@id":"https:\/\/zergoungreenenergy.com\/en\/#website","url":"https:\/\/zergoungreenenergy.com\/en\/","name":"zergoun green energy","description":"","potentialAction":[{"@type":"SearchAction","target":{"@type":"EntryPoint","urlTemplate":"https:\/\/zergoungreenenergy.com\/en\/?s={search_term_string}"},"query-input":"required name=search_term_string"}],"inLanguage":"en-US"}]}},"_links":{"self":[{"href":"https:\/\/zergoungreenenergy.com\/en\/index.php\/wp-json\/wp\/v2\/pages\/2965","targetHints":{"allow":["GET"]}}],"collection":[{"href":"https:\/\/zergoungreenenergy.com\/en\/index.php\/wp-json\/wp\/v2\/pages"}],"about":[{"href":"https:\/\/zergoungreenenergy.com\/en\/index.php\/wp-json\/wp\/v2\/types\/page"}],"author":[{"embeddable":true,"href":"https:\/\/zergoungreenenergy.com\/en\/index.php\/wp-json\/wp\/v2\/users\/2"}],"replies":[{"embeddable":true,"href":"https:\/\/zergoungreenenergy.com\/en\/index.php\/wp-json\/wp\/v2\/comments?post=2965"}],"version-history":[{"count":8,"href":"https:\/\/zergoungreenenergy.com\/en\/index.php\/wp-json\/wp\/v2\/pages\/2965\/revisions"}],"predecessor-version":[{"id":3405,"href":"https:\/\/zergoungreenenergy.com\/en\/index.php\/wp-json\/wp\/v2\/pages\/2965\/revisions\/3405"}],"wp:attachment":[{"href":"https:\/\/zergoungreenenergy.com\/en\/index.php\/wp-json\/wp\/v2\/media?parent=2965"}],"curies":[{"name":"wp","href":"https:\/\/api.w.org\/{rel}","templated":true}]}}