{"id":1819,"date":"2018-12-03T13:45:07","date_gmt":"2018-12-03T13:45:07","guid":{"rendered":"http:\/\/sw-themes.com\/porto_dummy\/?page_id=1819"},"modified":"2023-02-26T08:38:45","modified_gmt":"2023-02-26T08:38:45","slug":"realisations","status":"publish","type":"page","link":"https:\/\/zergoungreenenergy.com\/fr\/realisations\/","title":{"rendered":"<strong>R\u00e9alisations<\/strong>"},"content":{"rendered":"<section class=\"wpb-content-wrapper\"><p>[vc_row css=\u00a0\u00bb.vc_custom_1677162719832{padding-top: 50px !important;}\u00a0\u00bb conditional_render=\u00a0\u00bb%5B%7B%22value_role%22%3A%22administrator%22%7D%5D\u00a0\u00bb][vc_column width=\u00a0\u00bb1\/6&Prime; conditional_render=\u00a0\u00bb%5B%7B%22value_role%22%3A%22administrator%22%7D%5D\u00a0\u00bb][\/vc_column][vc_column width=\u00a0\u00bb5\/12&Prime; conditional_render=\u00a0\u00bb%5B%7B%22value_role%22%3A%22administrator%22%7D%5D\u00a0\u00bb][vc_custom_heading text=\u00a0\u00bb<b>Mini-centrale solaire<\/b>\u00a0\u00bb font_container=\u00a0\u00bbtag:h2|text_align:center\u00a0\u00bb use_theme_fonts=\u00a0\u00bbyes\u00a0\u00bb][vc_column_text]<\/p>\n<p style=\"text-align: left;\"><span style=\"font-size: 17px;\">L\u2019\u00e9nergie solaire, une option \u00e0 prendre en compte !<\/span><\/p>\n<p style=\"text-align: left;\"><span style=\"font-size: 17px;\">Le recours \u00e0 l\u2019\u00e9nergie solaire est l\u2019objet de questionnements r\u00e9currents, notamment de la part des autorit\u00e9s locales et nationales.<\/span><\/p>\n<p style=\"text-align: left;\"><span style=\"font-size: 17px;\">Le pompage au fil du soleil se caract\u00e9rise par un d\u00e9bit variable tout au long de la journ\u00e9e. D\u00e8s l&rsquo;aube, le champ photovolta\u00efque commence \u00e0 produire de l&rsquo;\u00e9lectricit\u00e9 et un faible d\u00e9bit est produit par la pompe. Au cours de la journ\u00e9e, l&rsquo;exposition solaire devenant plus importante sur le champ de panneaux solaires, le d\u00e9bit de la pompe augmente. Le d\u00e9bit maximum de la pompe, exprim\u00e9 en m3\/h, obtenu g\u00e9n\u00e9ralement \u00e0 midi est d\u2019environ un sixi\u00e8me 1\/6 du d\u00e9bit journalier.<\/span><\/p>\n<p style=\"text-align: left;\"><span style=\"font-size: 17px;\"><strong>Zergoun Green Energy<\/strong> a r\u00e9alis\u00e9 sur l\u2019une de ces fermes agricoles en utilisant ces propres panneaux (375Wc) au nombre de 160 afin de faire fonctionner une pompe de 50cv.<\/span><\/p>\n<p>[\/vc_column_text][\/vc_column][vc_column width=\u00a0\u00bb1\/3&Prime; conditional_render=\u00a0\u00bb%5B%7B%22value_role%22%3A%22administrator%22%7D%5D\u00a0\u00bb css=\u00a0\u00bb.vc_custom_1677163073043{padding-top: 100px !important;}\u00a0\u00bb][vc_single_image image=\u00a0\u00bb3439&Prime; img_size=\u00a0\u00bbFULL\u00a0\u00bb alignment=\u00a0\u00bbcenter\u00a0\u00bb style=\u00a0\u00bbvc_box_shadow\u00a0\u00bb label=\u00a0\u00bb\u00a0\u00bb][\/vc_column][vc_column][vc_video link=\u00a0\u00bbhttps:\/\/www.youtube.com\/watch?v=PyGSCTQBI6A\u00a0\u00bb el_width=\u00a0\u00bb60&Prime; align=\u00a0\u00bbcenter\u00a0\u00bb][\/vc_column][\/vc_row]<\/p>\n<\/section>","protected":false},"excerpt":{"rendered":"<p>[vc_row css=\u00a0\u00bb.vc_custom_1677162719832{padding-top: 50px !important;}\u00a0\u00bb conditional_render=\u00a0\u00bb%5B%7B%22value_role%22%3A%22administrator%22%7D%5D\u00a0\u00bb][vc_column width=\u00a0\u00bb1\/6&Prime; conditional_render=\u00a0\u00bb%5B%7B%22value_role%22%3A%22administrator%22%7D%5D\u00a0\u00bb][\/vc_column][vc_column width=\u00a0\u00bb5\/12&Prime; conditional_render=\u00a0\u00bb%5B%7B%22value_role%22%3A%22administrator%22%7D%5D\u00a0\u00bb][vc_custom_heading text=\u00a0\u00bbMini-centrale solaire\u00a0\u00bb font_container=\u00a0\u00bbtag:h2|text_align:center\u00a0\u00bb use_theme_fonts=\u00a0\u00bbyes\u00a0\u00bb][vc_column_text] L\u2019\u00e9nergie solaire, une option \u00e0 prendre en compte ! Le recours \u00e0 l\u2019\u00e9nergie solaire est l\u2019objet de questionnements r\u00e9currents, notamment de la part des autorit\u00e9s locales et nationales. Le pompage au fil du soleil se caract\u00e9rise par un d\u00e9bit variable tout au [&hellip;]<\/p>\n","protected":false},"author":2,"featured_media":0,"parent":0,"menu_order":0,"comment_status":"closed","ping_status":"closed","template":"","meta":{"footnotes":""},"yoast_head":"<!-- This site is optimized with the Yoast SEO Premium plugin v20.0 (Yoast SEO v21.7) - https:\/\/yoast.com\/wordpress\/plugins\/seo\/ -->\n<title>Mini-centrale solaire<\/title>\n<meta name=\"description\" content=\"Le recours \u00e0 l\u2019\u00e9nergie solaire est l\u2019objet de questionnements r\u00e9currents, notamment de la part des autorit\u00e9s locales et nationales.\" \/>\n<meta name=\"robots\" content=\"index, follow, max-snippet:-1, max-image-preview:large, max-video-preview:-1\" \/>\n<link rel=\"canonical\" href=\"https:\/\/zergoungreenenergy.com\/fr\/realisations\/\" \/>\n<meta property=\"og:locale\" content=\"fr_FR\" \/>\n<meta property=\"og:type\" content=\"article\" \/>\n<meta property=\"og:title\" content=\"R\u00e9alisations\" \/>\n<meta property=\"og:description\" content=\"Le recours \u00e0 l\u2019\u00e9nergie solaire est l\u2019objet de questionnements r\u00e9currents, notamment de la part des autorit\u00e9s locales et nationales.\" \/>\n<meta property=\"og:url\" content=\"https:\/\/zergoungreenenergy.com\/fr\/realisations\/\" \/>\n<meta property=\"og:site_name\" content=\"zergoun green energy\" \/>\n<meta property=\"article:modified_time\" content=\"2023-02-26T08:38:45+00:00\" \/>\n<meta name=\"twitter:card\" content=\"summary_large_image\" \/>\n<meta name=\"twitter:label1\" content=\"Dur\u00e9e de lecture estim\u00e9e\" \/>\n\t<meta name=\"twitter:data1\" content=\"1 minute\" \/>\n<script type=\"application\/ld+json\" class=\"yoast-schema-graph\">{\"@context\":\"https:\/\/schema.org\",\"@graph\":[{\"@type\":\"WebPage\",\"@id\":\"https:\/\/zergoungreenenergy.com\/fr\/realisations\/\",\"url\":\"https:\/\/zergoungreenenergy.com\/fr\/realisations\/\",\"name\":\"Mini-centrale solaire\",\"isPartOf\":{\"@id\":\"https:\/\/zergoungreenenergy.com\/fr\/#website\"},\"datePublished\":\"2018-12-03T13:45:07+00:00\",\"dateModified\":\"2023-02-26T08:38:45+00:00\",\"description\":\"Le recours \u00e0 l\u2019\u00e9nergie solaire est l\u2019objet de questionnements r\u00e9currents, notamment de la part des autorit\u00e9s locales et nationales.\",\"breadcrumb\":{\"@id\":\"https:\/\/zergoungreenenergy.com\/fr\/realisations\/#breadcrumb\"},\"inLanguage\":\"fr-FR\",\"potentialAction\":[{\"@type\":\"ReadAction\",\"target\":[\"https:\/\/zergoungreenenergy.com\/fr\/realisations\/\"]}]},{\"@type\":\"BreadcrumbList\",\"@id\":\"https:\/\/zergoungreenenergy.com\/fr\/realisations\/#breadcrumb\",\"itemListElement\":[{\"@type\":\"ListItem\",\"position\":1,\"name\":\"Home\",\"item\":\"https:\/\/zergoungreenenergy.com\/fr\/\"},{\"@type\":\"ListItem\",\"position\":2,\"name\":\"R\u00e9alisations\"}]},{\"@type\":\"WebSite\",\"@id\":\"https:\/\/zergoungreenenergy.com\/fr\/#website\",\"url\":\"https:\/\/zergoungreenenergy.com\/fr\/\",\"name\":\"zergoun green energy\",\"description\":\"\",\"potentialAction\":[{\"@type\":\"SearchAction\",\"target\":{\"@type\":\"EntryPoint\",\"urlTemplate\":\"https:\/\/zergoungreenenergy.com\/fr\/?s={search_term_string}\"},\"query-input\":\"required name=search_term_string\"}],\"inLanguage\":\"fr-FR\"}]}<\/script>\n<!-- \/ Yoast SEO Premium plugin. -->","yoast_head_json":{"title":"Mini-centrale solaire","description":"Le recours \u00e0 l\u2019\u00e9nergie solaire est l\u2019objet de questionnements r\u00e9currents, notamment de la part des autorit\u00e9s locales et nationales.","robots":{"index":"index","follow":"follow","max-snippet":"max-snippet:-1","max-image-preview":"max-image-preview:large","max-video-preview":"max-video-preview:-1"},"canonical":"https:\/\/zergoungreenenergy.com\/fr\/realisations\/","og_locale":"fr_FR","og_type":"article","og_title":"R\u00e9alisations","og_description":"Le recours \u00e0 l\u2019\u00e9nergie solaire est l\u2019objet de questionnements r\u00e9currents, notamment de la part des autorit\u00e9s locales et nationales.","og_url":"https:\/\/zergoungreenenergy.com\/fr\/realisations\/","og_site_name":"zergoun green energy","article_modified_time":"2023-02-26T08:38:45+00:00","twitter_card":"summary_large_image","twitter_misc":{"Dur\u00e9e de lecture estim\u00e9e":"1 minute"},"schema":{"@context":"https:\/\/schema.org","@graph":[{"@type":"WebPage","@id":"https:\/\/zergoungreenenergy.com\/fr\/realisations\/","url":"https:\/\/zergoungreenenergy.com\/fr\/realisations\/","name":"Mini-centrale solaire","isPartOf":{"@id":"https:\/\/zergoungreenenergy.com\/fr\/#website"},"datePublished":"2018-12-03T13:45:07+00:00","dateModified":"2023-02-26T08:38:45+00:00","description":"Le recours \u00e0 l\u2019\u00e9nergie solaire est l\u2019objet de questionnements r\u00e9currents, notamment de la part des autorit\u00e9s locales et nationales.","breadcrumb":{"@id":"https:\/\/zergoungreenenergy.com\/fr\/realisations\/#breadcrumb"},"inLanguage":"fr-FR","potentialAction":[{"@type":"ReadAction","target":["https:\/\/zergoungreenenergy.com\/fr\/realisations\/"]}]},{"@type":"BreadcrumbList","@id":"https:\/\/zergoungreenenergy.com\/fr\/realisations\/#breadcrumb","itemListElement":[{"@type":"ListItem","position":1,"name":"Home","item":"https:\/\/zergoungreenenergy.com\/fr\/"},{"@type":"ListItem","position":2,"name":"R\u00e9alisations"}]},{"@type":"WebSite","@id":"https:\/\/zergoungreenenergy.com\/fr\/#website","url":"https:\/\/zergoungreenenergy.com\/fr\/","name":"zergoun green energy","description":"","potentialAction":[{"@type":"SearchAction","target":{"@type":"EntryPoint","urlTemplate":"https:\/\/zergoungreenenergy.com\/fr\/?s={search_term_string}"},"query-input":"required name=search_term_string"}],"inLanguage":"fr-FR"}]}},"_links":{"self":[{"href":"https:\/\/zergoungreenenergy.com\/fr\/wp-json\/wp\/v2\/pages\/1819"}],"collection":[{"href":"https:\/\/zergoungreenenergy.com\/fr\/wp-json\/wp\/v2\/pages"}],"about":[{"href":"https:\/\/zergoungreenenergy.com\/fr\/wp-json\/wp\/v2\/types\/page"}],"author":[{"embeddable":true,"href":"https:\/\/zergoungreenenergy.com\/fr\/wp-json\/wp\/v2\/users\/2"}],"replies":[{"embeddable":true,"href":"https:\/\/zergoungreenenergy.com\/fr\/wp-json\/wp\/v2\/comments?post=1819"}],"version-history":[{"count":18,"href":"https:\/\/zergoungreenenergy.com\/fr\/wp-json\/wp\/v2\/pages\/1819\/revisions"}],"predecessor-version":[{"id":3225,"href":"https:\/\/zergoungreenenergy.com\/fr\/wp-json\/wp\/v2\/pages\/1819\/revisions\/3225"}],"wp:attachment":[{"href":"https:\/\/zergoungreenenergy.com\/fr\/wp-json\/wp\/v2\/media?parent=1819"}],"curies":[{"name":"wp","href":"https:\/\/api.w.org\/{rel}","templated":true}]}}