{"id":2965,"date":"2022-12-25T08:34:17","date_gmt":"2022-12-25T08:34:17","guid":{"rendered":"https:\/\/zergoungreenenergy.com\/zge\/?page_id=2965"},"modified":"2023-02-26T08:50:20","modified_gmt":"2023-02-26T08:50:20","slug":"nouvelles","status":"publish","type":"page","link":"https:\/\/zergoungreenenergy.com\/fr\/nouvelles\/","title":{"rendered":"Nouvelles"},"content":{"rendered":"<section class=\"wpb-content-wrapper\"><p>[vc_row][vc_column]<div class=\"porto-recent-posts wpb_content_element  wpb_custom_8d967c2e2658a31efb9fd37ae26ff686\">\t<div class=\"post-carousel porto-carousel owl-carousel has-ccols ccols-1 ccols-lg-4 ccols-md-3 ccols-sm-2 has-ccols-spacing\" data-plugin-options=\"{&quot;themeConfig&quot;:true,&quot;lg&quot;:4,&quot;md&quot;:3,&quot;sm&quot;:2,&quot;margin&quot;:30}\">\n\t\t<div class=\"post-slide\"><div class=\"post-item style-5\">\r\n\t\t<a aria-label=\"Post Item\" href=\"https:\/\/zergoungreenenergy.com\/fr\/zergoun-green-energy-soutient-un-projet-innovant-en-intelligence-artificielle-a-luniversite-de-ouargla\/\"> <span class=\"post-image thumb-info thumb-info-hide-wrapper-bg m-b-lg\"> <span class=\"thumb-info-wrapper\"> <img loading=\"lazy\" decoding=\"async\" class=\"img-responsive\" width=\"450\" height=\"231\" src=\"https:\/\/zergoungreenenergy.com\/fr\/wp-content\/uploads\/2026\/03\/zergoun-brothers-group-partnership-university-ouargla-green-energy-450x231.webp\" alt=\"\" \/>\r\n\t\t\t<span class=\"zoom\" data-mfp-src=\"https:\/\/zergoungreenenergy.com\/fr\/wp-content\/uploads\/2026\/03\/zergoun-brothers-group-partnership-university-ouargla-green-energy.webp\" data-title=\"\"><i class=\"fas fa-search\"><\/i><\/span>\r\n\t\t<\/span> <\/span> <\/a>\r\n\t\t\t<h3 class=\"porto-post-title\"> <a href=\"https:\/\/zergoungreenenergy.com\/fr\/zergoun-green-energy-soutient-un-projet-innovant-en-intelligence-artificielle-a-luniversite-de-ouargla\/\">\r\n\tZergoun Green Energy soutient un projet innovant en intelligence artificielle \u00e0 l\u2019Universit\u00e9 de Ouargla\t<\/a> <\/h3>\r\n\t<p class=\"post-excerpt\">\r\nDans le cadre de son engagement continu en faveur de l\u2019innovation et du d\u00e9veloppement des comp\u00e9tences locales, Zergoun Green Energy,...<\/p>\t<div class=\"post-meta clearfix m-t-lg\">\r\n\t\t<span class=\"meta-date\"><i class=\"far fa-calendar-alt\"><\/i> mars 5, 2026<\/span>\r\n\t\t\t\t\t\t<\/div>\r\n<\/div>\r\n<\/div><div class=\"post-slide\"><div class=\"post-item style-5\">\r\n\t\t<a aria-label=\"Post Item\" href=\"https:\/\/zergoungreenenergy.com\/fr\/visite-des-etudiants-de-lenergie-renouvelable-de-la-faculte-de-batna-a-notre-usine\/\"> <span class=\"post-image thumb-info thumb-info-hide-wrapper-bg m-b-lg\"> <span class=\"thumb-info-wrapper\"> <img loading=\"lazy\" decoding=\"async\" class=\"img-responsive\" width=\"450\" height=\"231\" src=\"https:\/\/zergoungreenenergy.com\/fr\/wp-content\/uploads\/2024\/05\/WhatsApp-Image-2024-05-07-a-13.07.19_ea18cab0-450x231.jpg\" alt=\"\" \/>\r\n\t\t\t<span class=\"zoom\" data-mfp-src=\"https:\/\/zergoungreenenergy.com\/fr\/wp-content\/uploads\/2024\/05\/WhatsApp-Image-2024-05-07-a-13.07.19_ea18cab0.jpg\" data-title=\"\"><i class=\"fas fa-search\"><\/i><\/span>\r\n\t\t<\/span> <\/span> <\/a>\r\n\t\t\t<h3 class=\"porto-post-title\"> <a href=\"https:\/\/zergoungreenenergy.com\/fr\/visite-des-etudiants-de-lenergie-renouvelable-de-la-faculte-de-batna-a-notre-usine\/\">\r\n\tVisite des \u00e9tudiants de l&rsquo;\u00e9nergie renouvelable de la facult\u00e9 de batna \u00e0 notre usine\t<\/a> <\/h3>\r\n\t<p class=\"post-excerpt\">        \r\n\r\n<\/p>\t<div class=\"post-meta clearfix m-t-lg\">\r\n\t\t<span class=\"meta-date\"><i class=\"far fa-calendar-alt\"><\/i> mai 9, 2024<\/span>\r\n\t\t\t\t\t\t<\/div>\r\n<\/div>\r\n<\/div><div class=\"post-slide\"><div class=\"post-item style-5\">\r\n\t\t<a aria-label=\"Post Item\" href=\"https:\/\/zergoungreenenergy.com\/fr\/52-%d8%af%d9%82%d9%8a%d9%82%d8%a9-%d8%a5%d9%82%d8%aa%d8%b5%d8%a7%d8%af-%d9%86%d8%ac%d8%a7%d8%ad-%d8%a7%d9%84%d8%a5%d9%86%d8%aa%d9%82%d8%a7%d9%84-%d8%a7%d9%84%d8%b7%d8%a7%d9%82%d9%88%d9%8a-%d8%a7\/\"> <span class=\"post-image thumb-info thumb-info-hide-wrapper-bg m-b-lg\"> <span class=\"thumb-info-wrapper\"> <img loading=\"lazy\" decoding=\"async\" class=\"img-responsive\" width=\"450\" height=\"231\" src=\"https:\/\/zergoungreenenergy.com\/fr\/wp-content\/uploads\/2023\/05\/produits-galerie-zge-2-1-450x231.jpg\" alt=\"\" \/>\r\n\t\t\t<span class=\"zoom\" data-mfp-src=\"https:\/\/zergoungreenenergy.com\/fr\/wp-content\/uploads\/2023\/05\/produits-galerie-zge-2-1.jpg\" data-title=\"\"><i class=\"fas fa-search\"><\/i><\/span>\r\n\t\t<\/span> <\/span> <\/a>\r\n\t\t\t<h3 class=\"porto-post-title\"> <a href=\"https:\/\/zergoungreenenergy.com\/fr\/52-%d8%af%d9%82%d9%8a%d9%82%d8%a9-%d8%a5%d9%82%d8%aa%d8%b5%d8%a7%d8%af-%d9%86%d8%ac%d8%a7%d8%ad-%d8%a7%d9%84%d8%a5%d9%86%d8%aa%d9%82%d8%a7%d9%84-%d8%a7%d9%84%d8%b7%d8%a7%d9%82%d9%88%d9%8a-%d8%a7\/\">\r\n\t52 \u062f\u0642\u064a\u0642\u0629 \u0625\u0642\u062a\u0635\u0627\u062f: \u0646\u062c\u0627\u062d \u0627\u0644\u0625\u0646\u062a\u0642\u0627\u0644 \u0627\u0644\u0637\u0627\u0642\u0648\u064a .. \u0627\u0644\u062e\u0637\u0648\u0627\u062a \u0648\u0627\u0644\u062a\u062d\u062f\u064a\u0627\u062a\t<\/a> <\/h3>\r\n\t<p class=\"post-excerpt\">52 \u062f\u0642\u064a\u0642\u0629 \u0625\u0642\u062a\u0635\u0627\u062f: \u0646\u062c\u0627\u062d \u0627\u0644\u0625\u0646\u062a\u0642\u0627\u0644 \u0627\u0644\u0637\u0627\u0642\u0648\u064a .. \u0627\u0644\u062e\u0637\u0648\u0627\u062a \u0648\u0627\u0644\u062a\u062d\u062f\u064a\u0627\u062a \u0644\u0644\u0625\u0634\u062a\u0631\u0627\u0643 \u0641\u064a \u0642\u0646\u0627\u062a\u0646\u0627 \u0625\u0636\u063a\u0637 \u0647\u0646\r\n\r\n<\/p>\t<div class=\"post-meta clearfix m-t-lg\">\r\n\t\t<span class=\"meta-date\"><i class=\"far fa-calendar-alt\"><\/i> avril 30, 2024<\/span>\r\n\t\t\t\t\t\t<\/div>\r\n<\/div>\r\n<\/div><div class=\"post-slide\"><div class=\"post-item style-5\">\r\n\t\t\t<h3 class=\"porto-post-title\"> <a href=\"https:\/\/zergoungreenenergy.com\/fr\/projet-sonelgaz-2000-mw\/\">\r\n\tDans le projet de Sonelgaz 2000 MW : Attribution de 80 MW au groupement  \u00d6ZG\u00dcN\t<\/a> <\/h3>\r\n\t<p class=\"post-excerpt\"><\/p>\t<div class=\"post-meta clearfix m-t-lg\">\r\n\t\t<span class=\"meta-date\"><i class=\"far fa-calendar-alt\"><\/i> novembre 14, 2023<\/span>\r\n\t\t\t\t\t\t<\/div>\r\n<\/div>\r\n<\/div><div class=\"post-slide\"><div class=\"post-item style-5\">\r\n\t\t\t<h3 class=\"porto-post-title\"> <a href=\"https:\/\/zergoungreenenergy.com\/fr\/une-premiere-300mw-de-capacites-de-nouvelles-usines-photovoltaiques-en-algerie-aux-normes-internationales-pour-eviter-une-importation-inutile-et-onereuse-source-algerie-eco\/\">\r\n\t<h2 class=\"post_excerpt\"><a href=\"https:\/\/www.algerie-eco.com\/2023\/02\/25\/une-premiere-300mw-de-capacites-de-nouvelles-usines-photovoltaiques-en-algerie-aux-normes-internationales-pour-eviter-une-importation-inutile-et-onereuse\/\" target=\"_blank\" rel=\"noopener\">Une premi\u00e8re : 300mw de capacit\u00e9s de nouvelles usines photovolta\u00efques en Alg\u00e9rie aux normes internationales pour \u00e9viter une importation inutile et on\u00e9reuse <\/a>\u00a0<\/h2>Source : ALGERIE ECO\t<\/a> <\/h3>\r\n\t<p class=\"post-excerpt\">Apres un d\u00e9but difficile il y a quelques ann\u00e9es c\u00f4t\u00e9 usines photovolta\u00efques (PV) Alg\u00e9riennes, une excellente nouvelle pour la transition...<\/p>\t<div class=\"post-meta clearfix m-t-lg\">\r\n\t\t<span class=\"meta-date\"><i class=\"far fa-calendar-alt\"><\/i> f\u00e9vrier 25, 2023<\/span>\r\n\t\t\t\t\t\t<\/div>\r\n<\/div>\r\n<\/div><div class=\"post-slide\"><div class=\"post-item style-5\">\r\n\t\t\t<h3 class=\"porto-post-title\"> <a href=\"https:\/\/zergoungreenenergy.com\/fr\/zergoun-inaugure-une-usine-de-production-de-panneaux-solaire-a-ouargla-3-2\/\">\r\n\t<h2 class=\"post_excerpt\"><a href=\"https:\/\/www.aps.dz\/regions\/146588-oran-50-exposants-au-salon-international-des-energies-renouvelables\" target=\"_blank\" rel=\"noopener\">Oran: 50 exposants au Salon international des \u00e9nergies renouvelables <\/a>\u00a0<\/h2>Source : APS\t<\/a> <\/h3>\r\n\t<p class=\"post-excerpt\">Le salon a \u00e9t\u00e9 inaugur\u00e9 par le secr\u00e9taire g\u00e9n\u00e9ral du minist\u00e8re de l\u2019Environnement et des Energies renouvelables, Bouziane Mahmah, repr\u00e9sentant...<\/p>\t<div class=\"post-meta clearfix m-t-lg\">\r\n\t\t<span class=\"meta-date\"><i class=\"far fa-calendar-alt\"><\/i> octobre 24, 2022<\/span>\r\n\t\t\t\t\t\t<\/div>\r\n<\/div>\r\n<\/div><div class=\"post-slide\"><div class=\"post-item style-5\">\r\n\t\t\t<h3 class=\"porto-post-title\"> <a href=\"https:\/\/zergoungreenenergy.com\/fr\/%d8%a7%d9%87%d8%aa%d9%85%d8%a7%d9%85-%d9%87%d9%86%d8%af%d9%8a-%d8%a8%d9%85%d8%b4%d8%b1%d9%88%d8%b9-%d8%a7%d9%84%d8%b7%d8%a7%d9%82%d8%a9-%d8%a7%d9%84%d8%b4%d9%85%d8%b3%d9%8a%d8%a9-%d8%a7%d9%84%d8%b6\/\">\r\n\t<h2 class=\"post_excerpt\"><a href=\"https:\/\/www.echoroukonline.com\/%D8%A7%D9%87%D8%AA%D9%85%D8%A7%D9%85-%D9%87%D9%86%D8%AF%D9%8A-%D8%A8%D9%85%D8%B4%D8%B1%D9%88%D8%B9-%D8%A7%D9%84%D8%B7%D8%A7%D9%82%D8%A9-%D8%A7%D9%84%D8%B4%D9%85%D8%B3%D9%8A%D8%A9-%D8%A7%D9%84%D8%B6\" target=\"_blank\" rel=\"noopener\">\u0627\u0647\u062a\u0645\u0627\u0645 \u0647\u0646\u062f\u064a \u0628\u0645\u0634\u0631\u0648\u0639 \u0627\u0644\u0637\u0627\u0642\u0629 \u0627\u0644\u0634\u0645\u0633\u064a\u0629 \u0627\u0644\u0636\u062e\u0645 \u0628\u0627\u0644\u062c\u0632\u0627\u0626\u0631<\/a>\u00a0<\/h2>Source : Journal Echorouk Online\t<\/a> <\/h3>\r\n\t<p class=\"post-excerpt\">.\u0623\u0628\u062f\u062a \u0634\u0631\u0643\u0629 \u0647\u0646\u062f\u064a\u0629\u00a0 \u0631\u063a\u0628\u062a\u0647\u0627 \u0641\u064a \u0627\u0644\u0627\u0633\u062a\u062b\u0645\u0627\u0631 \u0648\u0627\u0644\u062a\u0639\u0627\u0648\u0646 \u0627\u0644\u062a\u0642\u0646\u064a \u0641\u064a \u0645\u062c\u0627\u0644 \u0627\u0644\u0637\u0627\u0642\u0627\u062a \u0627\u0644\u0645\u062a\u062c\u062f\u062f\u0629 \u0628\u0627\u0644\u062c\u0632\u0627\u0626\u0631 \u0648\u062c\u0627\u0621 \u0647\u0630\u0627 \u062e\u0644\u0627\u0644 \u0627\u0633\u062a\u0642\u0628\u0627\u0644 \u0627\u0644\u0623\u0645\u064a\u0646 \u0627\u0644\u0639\u0627\u0645 \u0644\u0648\u0632\u0627\u0631\u0629...<\/p>\t<div class=\"post-meta clearfix m-t-lg\">\r\n\t\t<span class=\"meta-date\"><i class=\"far fa-calendar-alt\"><\/i> ao\u00fbt 24, 2022<\/span>\r\n\t\t\t\t\t\t<\/div>\r\n<\/div>\r\n<\/div><div class=\"post-slide\"><div class=\"post-item style-5\">\r\n\t\t\t<h3 class=\"porto-post-title\"> <a href=\"https:\/\/zergoungreenenergy.com\/fr\/%d9%88%d8%b1%d9%82%d9%84%d8%a9-%d8%aa%d8%af%d8%b4%d9%8a%d9%86-%d9%85%d8%b5%d9%86%d8%b9-%d9%84%d9%84%d8%a3%d9%84%d9%88%d8%a7%d8%ad-%d8%a7%d9%84%d8%b4%d9%85%d8%b3%d9%8a%d8%a9-%d8%a8%d8%b7%d8%a7%d9%82\/\">\r\n\t<h2 class=\"post_excerpt\"><a href=\"https:\/\/www.mondragon-assembly.com\/2022\/07\/mondragon-assembly-completes-training-programme-for-zergoun-green-energy-in-algeria\/\">Mondragon Assembly ach\u00e8ve un programme de formation pour Zergoun Green Energy en Alg\u00e9rie<\/a>\u00a0<\/h2>Source : Mondragon\t<\/a> <\/h3>\r\n\t<p class=\"post-excerpt\">La ligne, qui a d\u00e9marr\u00e9 la fabrication de ses premiers modules d\u00e9but avril, dispose d\u00e9j\u00e0 de tous les ingr\u00e9dients pour...<\/p>\t<div class=\"post-meta clearfix m-t-lg\">\r\n\t\t<span class=\"meta-date\"><i class=\"far fa-calendar-alt\"><\/i> juillet 12, 2022<\/span>\r\n\t\t\t\t\t\t<\/div>\r\n<\/div>\r\n<\/div>\t<\/div>\n\t<\/div>[\/vc_column][\/vc_row]<\/p>\n<\/section>","protected":false},"excerpt":{"rendered":"<p>[vc_row][vc_column][\/vc_column][\/vc_row]<\/p>\n","protected":false},"author":2,"featured_media":0,"parent":0,"menu_order":0,"comment_status":"closed","ping_status":"closed","template":"","meta":{"footnotes":""},"yoast_head":"<!-- This site is optimized with the Yoast SEO Premium plugin v20.0 (Yoast SEO v21.7) - https:\/\/yoast.com\/wordpress\/plugins\/seo\/ -->\n<title>Actualit\u00e9s zergoun green energy<\/title>\n<meta name=\"description\" content=\"Suivez les derniers articles sur les activit\u00e9s zergoun green energy \u00e0 propos des panneaux solaires, des centrales solaires ...\" \/>\n<meta name=\"robots\" content=\"index, follow, max-snippet:-1, max-image-preview:large, max-video-preview:-1\" \/>\n<link rel=\"canonical\" href=\"https:\/\/zergoungreenenergy.com\/fr\/nouvelles\/\" \/>\n<meta property=\"og:locale\" content=\"fr_FR\" \/>\n<meta property=\"og:type\" content=\"article\" \/>\n<meta property=\"og:title\" content=\"Nouvelles\" \/>\n<meta property=\"og:description\" content=\"Suivez les derniers articles sur les activit\u00e9s zergoun green energy \u00e0 propos des panneaux solaires, des centrales solaires ...\" \/>\n<meta property=\"og:url\" content=\"https:\/\/zergoungreenenergy.com\/fr\/nouvelles\/\" \/>\n<meta property=\"og:site_name\" content=\"zergoun green energy\" \/>\n<meta property=\"article:modified_time\" content=\"2023-02-26T08:50:20+00:00\" \/>\n<meta name=\"twitter:card\" content=\"summary_large_image\" \/>\n<meta name=\"twitter:label1\" content=\"Dur\u00e9e de lecture estim\u00e9e\" \/>\n\t<meta name=\"twitter:data1\" content=\"1 minute\" \/>\n<script type=\"application\/ld+json\" class=\"yoast-schema-graph\">{\"@context\":\"https:\/\/schema.org\",\"@graph\":[{\"@type\":\"WebPage\",\"@id\":\"https:\/\/zergoungreenenergy.com\/fr\/nouvelles\/\",\"url\":\"https:\/\/zergoungreenenergy.com\/fr\/nouvelles\/\",\"name\":\"Actualit\u00e9s zergoun green energy\",\"isPartOf\":{\"@id\":\"https:\/\/zergoungreenenergy.com\/fr\/#website\"},\"datePublished\":\"2022-12-25T08:34:17+00:00\",\"dateModified\":\"2023-02-26T08:50:20+00:00\",\"description\":\"Suivez les derniers articles sur les activit\u00e9s zergoun green energy \u00e0 propos des panneaux solaires, des centrales solaires ...\",\"breadcrumb\":{\"@id\":\"https:\/\/zergoungreenenergy.com\/fr\/nouvelles\/#breadcrumb\"},\"inLanguage\":\"fr-FR\",\"potentialAction\":[{\"@type\":\"ReadAction\",\"target\":[\"https:\/\/zergoungreenenergy.com\/fr\/nouvelles\/\"]}]},{\"@type\":\"BreadcrumbList\",\"@id\":\"https:\/\/zergoungreenenergy.com\/fr\/nouvelles\/#breadcrumb\",\"itemListElement\":[{\"@type\":\"ListItem\",\"position\":1,\"name\":\"Home\",\"item\":\"https:\/\/zergoungreenenergy.com\/fr\/\"},{\"@type\":\"ListItem\",\"position\":2,\"name\":\"Nouvelles\"}]},{\"@type\":\"WebSite\",\"@id\":\"https:\/\/zergoungreenenergy.com\/fr\/#website\",\"url\":\"https:\/\/zergoungreenenergy.com\/fr\/\",\"name\":\"zergoun green energy\",\"description\":\"\",\"potentialAction\":[{\"@type\":\"SearchAction\",\"target\":{\"@type\":\"EntryPoint\",\"urlTemplate\":\"https:\/\/zergoungreenenergy.com\/fr\/?s={search_term_string}\"},\"query-input\":\"required name=search_term_string\"}],\"inLanguage\":\"fr-FR\"}]}<\/script>\n<!-- \/ Yoast SEO Premium plugin. -->","yoast_head_json":{"title":"Actualit\u00e9s zergoun green energy","description":"Suivez les derniers articles sur les activit\u00e9s zergoun green energy \u00e0 propos des panneaux solaires, des centrales solaires ...","robots":{"index":"index","follow":"follow","max-snippet":"max-snippet:-1","max-image-preview":"max-image-preview:large","max-video-preview":"max-video-preview:-1"},"canonical":"https:\/\/zergoungreenenergy.com\/fr\/nouvelles\/","og_locale":"fr_FR","og_type":"article","og_title":"Nouvelles","og_description":"Suivez les derniers articles sur les activit\u00e9s zergoun green energy \u00e0 propos des panneaux solaires, des centrales solaires ...","og_url":"https:\/\/zergoungreenenergy.com\/fr\/nouvelles\/","og_site_name":"zergoun green energy","article_modified_time":"2023-02-26T08:50:20+00:00","twitter_card":"summary_large_image","twitter_misc":{"Dur\u00e9e de lecture estim\u00e9e":"1 minute"},"schema":{"@context":"https:\/\/schema.org","@graph":[{"@type":"WebPage","@id":"https:\/\/zergoungreenenergy.com\/fr\/nouvelles\/","url":"https:\/\/zergoungreenenergy.com\/fr\/nouvelles\/","name":"Actualit\u00e9s zergoun green energy","isPartOf":{"@id":"https:\/\/zergoungreenenergy.com\/fr\/#website"},"datePublished":"2022-12-25T08:34:17+00:00","dateModified":"2023-02-26T08:50:20+00:00","description":"Suivez les derniers articles sur les activit\u00e9s zergoun green energy \u00e0 propos des panneaux solaires, des centrales solaires ...","breadcrumb":{"@id":"https:\/\/zergoungreenenergy.com\/fr\/nouvelles\/#breadcrumb"},"inLanguage":"fr-FR","potentialAction":[{"@type":"ReadAction","target":["https:\/\/zergoungreenenergy.com\/fr\/nouvelles\/"]}]},{"@type":"BreadcrumbList","@id":"https:\/\/zergoungreenenergy.com\/fr\/nouvelles\/#breadcrumb","itemListElement":[{"@type":"ListItem","position":1,"name":"Home","item":"https:\/\/zergoungreenenergy.com\/fr\/"},{"@type":"ListItem","position":2,"name":"Nouvelles"}]},{"@type":"WebSite","@id":"https:\/\/zergoungreenenergy.com\/fr\/#website","url":"https:\/\/zergoungreenenergy.com\/fr\/","name":"zergoun green energy","description":"","potentialAction":[{"@type":"SearchAction","target":{"@type":"EntryPoint","urlTemplate":"https:\/\/zergoungreenenergy.com\/fr\/?s={search_term_string}"},"query-input":"required name=search_term_string"}],"inLanguage":"fr-FR"}]}},"_links":{"self":[{"href":"https:\/\/zergoungreenenergy.com\/fr\/wp-json\/wp\/v2\/pages\/2965"}],"collection":[{"href":"https:\/\/zergoungreenenergy.com\/fr\/wp-json\/wp\/v2\/pages"}],"about":[{"href":"https:\/\/zergoungreenenergy.com\/fr\/wp-json\/wp\/v2\/types\/page"}],"author":[{"embeddable":true,"href":"https:\/\/zergoungreenenergy.com\/fr\/wp-json\/wp\/v2\/users\/2"}],"replies":[{"embeddable":true,"href":"https:\/\/zergoungreenenergy.com\/fr\/wp-json\/wp\/v2\/comments?post=2965"}],"version-history":[{"count":10,"href":"https:\/\/zergoungreenenergy.com\/fr\/wp-json\/wp\/v2\/pages\/2965\/revisions"}],"predecessor-version":[{"id":3461,"href":"https:\/\/zergoungreenenergy.com\/fr\/wp-json\/wp\/v2\/pages\/2965\/revisions\/3461"}],"wp:attachment":[{"href":"https:\/\/zergoungreenenergy.com\/fr\/wp-json\/wp\/v2\/media?parent=2965"}],"curies":[{"name":"wp","href":"https:\/\/api.w.org\/{rel}","templated":true}]}}