{"id":55,"date":"2016-06-13T15:48:45","date_gmt":"2016-06-13T15:48:45","guid":{"rendered":"http:\/\/sw-themes.com\/porto_dummy\/?page_id=55"},"modified":"2023-03-01T15:12:43","modified_gmt":"2023-03-01T15:12:43","slug":"a-propos-de-nous","status":"publish","type":"page","link":"https:\/\/zergoungreenenergy.com\/fr\/a-propos-de-nous\/","title":{"rendered":"A propos"},"content":{"rendered":"<section class=\"wpb-content-wrapper\"><p>[vc_row wrap_container=\u00a0\u00bbyes\u00a0\u00bb el_class=\u00a0\u00bbpb-5 overflow-hidden\u00a0\u00bb][vc_column el_class=\u00a0\u00bbmx-md-auto\u00a0\u00bb animation_type=\u00a0\u00bbmaskUp\u00a0\u00bb]<h2 class=\"word-rotator slide short m-t-xxl\" style=\"font-size:30px;line-height:46px;text-align:center;\" data-plugin-options=\"{'waittime': 2500, 'pauseOnHover': false}\"><span class=\"word-rotate-prefix\" style=\"font-weight:700;font-size:32px !important;\">ZERGOUN GREEN ENERGY<\/span> <span class=\"word-rotator-items has-bg\" style=\"color:#ffffff;background:#0088cc;\"><b class=\"active\">R\u00e9alise<\/b><b>Exploite<\/b><\/span> <span class=\"word-rotate-suffix\" style=\"font-weight:700;font-size:32px !important;\">des centrales solaires<\/span><\/h2>[\/vc_column][\/vc_row][vc_row wrap_container=\u00a0\u00bbyes\u00a0\u00bb is_section=\u00a0\u00bbyes\u00a0\u00bb remove_margin_top=\u00a0\u00bbyes\u00a0\u00bb remove_margin_bottom=\u00a0\u00bbyes\u00a0\u00bb remove_border=\u00a0\u00bbyes\u00a0\u00bb css=\u00a0\u00bb.vc_custom_1676276437712{background-color: #ffffff !important;}\u00a0\u00bb conditional_render=\u00a0\u00bb%5B%7B%22value_role%22%3A%22administrator%22%7D%5D\u00a0\u00bb el_class=\u00a0\u00bbp-t-xxl row-align-items-center\u00a0\u00bb][vc_column width=\u00a0\u00bb5\/12&Prime; conditional_render=\u00a0\u00bb%5B%7B%22value_role%22%3A%22administrator%22%7D%5D\u00a0\u00bb][vc_custom_heading text=\u00a0\u00bbQui <b>Sommes Nous ?<\/b>\u00a0\u00bb font_container=\u00a0\u00bbtag:h2|font_size:25|text_align:left|line_height:1&Prime; use_theme_fonts=\u00a0\u00bbyes\u00a0\u00bb el_class=\u00a0\u00bbmb-3&Prime;][vc_column_text]<\/p>\n<p class=\"vc_custom_heading vc_custom_1668971066307 align-left\">ZERGOUN GREEN ENERGY est une soci\u00e9t\u00e9 priv\u00e9e alg\u00e9rienne et l&rsquo; une des filiales du ZERGOUN BROTHERS GROUP.<\/p>\n<p class=\"vc_custom_heading vc_custom_1668971096113 align-left\">ZGE veut se d\u00e9velopper dans le domaine des \u00e9nergies renouvelables. Notamment par la production de modules PV mise en service de la plus grande usine d&rsquo;Afrique d&rsquo;une capacit\u00e9 de plus de 200 MW par an hautement automatis\u00e9s.<\/p>\n<p class=\"vc_custom_heading vc_custom_1668971125112 align-left\">Cette usine utilise 100 produits europ\u00e9ens c\u00e9l\u00e8bres L&rsquo;\u00e9quipement utilise les derni\u00e8res technologies Verres dits \u00ab\u00a0bancables\u00a0\u00bb (double vitrage) Cellule \u00ab\u00a0Mono Perc\u00a0\u00bb tr\u00e8s efficace.<\/p>\n<p class=\"vc_custom_heading vc_custom_1668971159396 align-left\">Nos modules vont jusqu&rsquo;\u00e0 405 Wc par module meilleur compromis entre production et temp\u00e9rature d\u00e9gradation disponible sur le march\u00e9.<\/p>\n<p>[\/vc_column_text][\/vc_column][vc_column width=\u00a0\u00bb1\/2&Prime; conditional_render=\u00a0\u00bb%5B%7B%22value_role%22%3A%22administrator%22%7D%5D\u00a0\u00bb offset=\u00a0\u00bbvc_col-sm-offset-1&Prime;][vc_video link=\u00a0\u00bbhttps:\/\/youtu.be\/zsM-FmQDl3I\u00a0\u00bb align=\u00a0\u00bbcenter\u00a0\u00bb][\/vc_column][\/vc_row][vc_row full_width=\u00a0\u00bbstretch_row\u00a0\u00bb wrap_container=\u00a0\u00bbyes\u00a0\u00bb is_section=\u00a0\u00bbyes\u00a0\u00bb section_skin=\u00a0\u00bbprimary\u00a0\u00bb remove_margin_top=\u00a0\u00bbyes\u00a0\u00bb remove_margin_bottom=\u00a0\u00bbyes\u00a0\u00bb remove_border=\u00a0\u00bbyes\u00a0\u00bb animation_delay=\u00a0\u00bb100&Prime; el_class=\u00a0\u00bbpb-5&Prime; animation_type=\u00a0\u00bbfadeIn\u00a0\u00bb][vc_column][vc_custom_heading text=\u00a0\u00bbLE MOT DU PR\u00c9SIDENT\u00a0\u00bb font_container=\u00a0\u00bbtag:h2|text_align:center|color:%23ffffff\u00a0\u00bb use_theme_fonts=\u00a0\u00bbyes\u00a0\u00bb][\/vc_column][vc_column]<div class=\"porto-content-box featured-boxes wpb_content_element \"><div class=\"featured-box \" style=\"\"><div class=\"box-content\" style=\"\">[vc_row_inner][vc_column_inner width=\u00a0\u00bb1\/3&Prime;][vc_single_image image=\u00a0\u00bb3468&Prime; img_size=\u00a0\u00bbfull\u00a0\u00bb label=\u00a0\u00bb\u00a0\u00bb][\/vc_column_inner][vc_column_inner width=\u00a0\u00bb2\/3&Prime;][vc_custom_heading text=\u00a0\u00bbL\u2019\u00c9NERGIE SOLAIRE \u00c9CLIPSE TOUTES LES AUTRES FORMES D\u2019\u00c9NERGIE .\u00a0\u00bb font_container=\u00a0\u00bbtag:h2|text_align:left|color:%23000000&Prime; use_theme_fonts=\u00a0\u00bbyes\u00a0\u00bb][vc_column_text]<\/p>\n<p style=\"text-align: left;\"><span style=\"color: #000000;\">Selon l\u2019IEA (Agence Internationale de l\u2019Energie), en 2050, 50% de notre \u00e9nergie\u00a0\u00a0 sera solaire. C\u2019est dans ce contexte que notre groupe\u00a0 a d\u00e9cid\u00e9 naturellement\u00a0 d\u2019exploiter en Alg\u00e9rie le premier gisement solaire au monde\u00a0\u00a0 en lan\u00e7ant la plus grande usine d\u2019Afrique de panneaux solaires photovolta\u00efques. Par notre pr\u00e9sence sur toute la cha\u00eene de valeurs nous entendons \u00eatre un acteur majeur dans la r\u00e9alisation de l\u2019ambitieux programme\u00a0 des \u00e9nergies renouvelables de notre pays qui consacre la part du lion au solaire photovolta\u00efque.<\/span><\/p>\n<p style=\"text-align: left;\"><span style=\"color: #000000;\">Nous avons en Alg\u00e9rie et avec la diaspora alg\u00e9rienne toutes les comp\u00e9tences pour r\u00e9pondre aux d\u00e9fis \u00e9nerg\u00e9tiques de notre pays et exporter nos produits et notre savoir-faire sur les march\u00e9s africains.<\/span><\/p>\n<p style=\"text-align: left;\"><span style=\"color: #000000;\">Zergoun Green Energy est fier de s\u2019engager avec cet investissement important\u00a0 dans la lutte contre le r\u00e9chauffement climatique.<\/span><\/p>\n<p>[\/vc_column_text][\/vc_column_inner][\/vc_row_inner]<\/div><\/div><\/div>[\/vc_column][\/vc_row][vc_row wrap_container=\u00a0\u00bbyes\u00a0\u00bb is_section=\u00a0\u00bbyes\u00a0\u00bb remove_margin_top=\u00a0\u00bbyes\u00a0\u00bb remove_margin_bottom=\u00a0\u00bbyes\u00a0\u00bb remove_border=\u00a0\u00bbyes\u00a0\u00bb css=\u00a0\u00bb.vc_custom_1543505108851{padding-top: 80px !important;}\u00a0\u00bb][vc_column offset=\u00a0\u00bbvc_col-md-6&Prime;][vc_custom_heading text=\u00a0\u00bb<b>Notre Vision<\/b>\u00a0\u00bb font_container=\u00a0\u00bbtag:h2|font_size:25|text_align:left|line_height:1.3&Prime; use_theme_fonts=\u00a0\u00bbyes\u00a0\u00bb el_class=\u00a0\u00bbmb-3&Prime;][vc_single_image image=\u00a0\u00bb3097&Prime; img_size=\u00a0\u00bbfull\u00a0\u00bb][vc_column_text el_class=\u00a0\u00bblead\u00a0\u00bb]P\u00e9trole : 42 ans &#8211; Gaz naturel : 65 ans &#8211; Uranium 120 ans<\/p>\n<p>Charbon : 169 ans &#8211; Soleil : 4 500 000 000 ans !!![\/vc_column_text][\/vc_column][vc_column offset=\u00a0\u00bbvc_col-md-6&Prime;]<div class=\"porto-carousel owl-carousel has-ccols ccols-1 stage-margin wpb_custom_c86c2fb53cae9eced42d4b8900a042f3\" data-plugin-options=\"{&quot;stagePadding&quot;:40,&quot;margin&quot;:0,&quot;autoplay&quot;:false,&quot;mouseDrag&quot;:true,&quot;touchDrag&quot;:true,&quot;autoplayTimeout&quot;:5000,&quot;autoplayHoverPause&quot;:false,&quot;items&quot;:1,&quot;lg&quot;:1,&quot;md&quot;:1,&quot;sm&quot;:1,&quot;xs&quot;:1,&quot;nav&quot;:false,&quot;dots&quot;:false,&quot;animateIn&quot;:&quot;&quot;,&quot;animateOut&quot;:&quot;&quot;,&quot;loop&quot;:false,&quot;center&quot;:false,&quot;video&quot;:false,&quot;lazyLoad&quot;:false,&quot;fullscreen&quot;:false}\"><div class=\"porto-testimonial wpb_content_element   wpb_custom_4760b66c0cbf51ec9a7673f3785bca75\"><div class=\"testimonial testimonial-style-2 testimonial-with-quotes\"><blockquote class=\"testimonial-carousel\" style=\"color:#212529\"><p>L&rsquo;\u00e9puisement des ressources fossiles, la lutte imp\u00e9rative contre le r\u00e9chauffement climatique, nous engagent irr\u00e9vocablement vers l&rsquo;\u00e9nergie solaire dont l&rsquo;Alg\u00e9rie poss\u00e8de le premier gisement au monde.<\/p>\n<p>Aujourd&rsquo;hui, et surtout dans notre pays, l&rsquo;\u00e9nergie solaire est d\u00e9j\u00e0 plus comp\u00e9titive que l&rsquo;\u00e9nergie gaz m\u00eame avec un prix du gaz tr\u00e8s bas.\u00a0Notre engagement industriel dans l&rsquo;\u00e9nergie solaire est un choix d&rsquo;avenir, un choix citoyen, un choix pour l&#8217;emploi des jeunes alg\u00e9riens et un choix gagnant pour la plan\u00e8te.<\/p><\/blockquote><div class=\"testimonial-author\"><p><a href=\"#\"><strong>L&#039;\u00c9NERGIE SOLAIRE<\/strong><\/a><span>UN CHOIX IRR\u00c9VERSIBLE<\/span><\/p><\/div><\/div><\/div><\/div>[\/vc_column][\/vc_row][vc_row wrap_container=\u00a0\u00bbyes\u00a0\u00bb animation_delay=\u00a0\u00bb300&Prime; animation_type=\u00a0\u00bbfadeInUp\u00a0\u00bb css=\u00a0\u00bb.vc_custom_1542080409584{padding-top: 80px !important;padding-bottom: 20px !important;}\u00a0\u00bb][vc_column][vc_custom_heading text=\u00a0\u00bbCatalogue de <b>Zergoun Green Energy<\/b>\u00a0\u00bb font_container=\u00a0\u00bbtag:h2|text_align:center\u00a0\u00bb use_theme_fonts=\u00a0\u00bbyes\u00a0\u00bb][vc_column_text]<div class=\"_df_book df-lite\" id=\"df_3405\"  data-title=\"catalogue-zge\" _slug=\"3405\" wpoptions=\"true\" thumb=\"https:\/\/zergoungreenenergy.com\/fr\/wp-content\/uploads\/2023\/02\/COUVERTURE-CATALOGUE-ZERGOUN-2022.jpg\" thumbtype=\"bg\" ><p class=\"df-raw-loading\">Please wait while flipbook is loading. For more related info, FAQs and issues please refer to <a href=\"https:\/\/wordpress.org\/plugins\/3d-flipbook-dflip-lite\/#installation\">DearFlip WordPress Flipbook Plugin Help<\/a> documentation.<\/p><\/div><script class=\"df-shortcode-script\" type=\"application\/javascript\">window.option_df_3405 = {\"webgl\":\"false\",\"outline\":[],\"backgroundColor\":\"#fff\",\"forceFit\":\"true\",\"autoEnableOutline\":\"false\",\"autoEnableThumbnail\":\"false\",\"overwritePDFOutline\":\"false\",\"direction\":\"1\",\"pageSize\":\"0\",\"autoPlay\":\"true\",\"autoPlayDuration\":\"5000\",\"autoPlayStart\":\"true\",\"source\":\"https:\\\/\\\/zergoungreenenergy.com\\\/fr\\\/wp-content\\\/uploads\\\/2023\\\/02\\\/CATALOGUE-ZERGOUN-GREEN-ENERGY-2022.pdf\",\"wpOptions\":\"true\"}; if(window.DFLIP && window.DFLIP.parseBooks){window.DFLIP.parseBooks();}<\/script>[\/vc_column_text][\/vc_column][\/vc_row]<\/p>\n<\/section>","protected":false},"excerpt":{"rendered":"<p>[vc_row wrap_container=\u00a0\u00bbyes\u00a0\u00bb el_class=\u00a0\u00bbpb-5 overflow-hidden\u00a0\u00bb][vc_column el_class=\u00a0\u00bbmx-md-auto\u00a0\u00bb animation_type=\u00a0\u00bbmaskUp\u00a0\u00bb][\/vc_column][\/vc_row][vc_row wrap_container=\u00a0\u00bbyes\u00a0\u00bb is_section=\u00a0\u00bbyes\u00a0\u00bb remove_margin_top=\u00a0\u00bbyes\u00a0\u00bb remove_margin_bottom=\u00a0\u00bbyes\u00a0\u00bb remove_border=\u00a0\u00bbyes\u00a0\u00bb css=\u00a0\u00bb.vc_custom_1676276437712{background-color: #ffffff !important;}\u00a0\u00bb conditional_render=\u00a0\u00bb%5B%7B%22value_role%22%3A%22administrator%22%7D%5D\u00a0\u00bb el_class=\u00a0\u00bbp-t-xxl row-align-items-center\u00a0\u00bb][vc_column width=\u00a0\u00bb5\/12&Prime; conditional_render=\u00a0\u00bb%5B%7B%22value_role%22%3A%22administrator%22%7D%5D\u00a0\u00bb][vc_custom_heading text=\u00a0\u00bbQui Sommes Nous ?\u00a0\u00bb font_container=\u00a0\u00bbtag:h2|font_size:25|text_align:left|line_height:1&Prime; use_theme_fonts=\u00a0\u00bbyes\u00a0\u00bb el_class=\u00a0\u00bbmb-3&Prime;][vc_column_text] ZERGOUN GREEN ENERGY est une soci\u00e9t\u00e9 priv\u00e9e alg\u00e9rienne et l&rsquo; une des filiales du ZERGOUN BROTHERS GROUP. ZGE veut se d\u00e9velopper dans le domaine des \u00e9nergies renouvelables. Notamment par [&hellip;]<\/p>\n","protected":false},"author":2,"featured_media":0,"parent":0,"menu_order":0,"comment_status":"closed","ping_status":"closed","template":"","meta":{"footnotes":""},"yoast_head":"<!-- This site is optimized with the Yoast SEO Premium plugin v20.0 (Yoast SEO v21.7) - https:\/\/yoast.com\/wordpress\/plugins\/seo\/ -->\n<title>Centrale solaire<\/title>\n<meta name=\"description\" content=\"ZGE veut se d\u00e9velopper dans le domaine des \u00e9nergies renouvelables. Production de modules PV mise en service de la plus grande usine ...\" \/>\n<meta name=\"robots\" content=\"index, follow, max-snippet:-1, max-image-preview:large, max-video-preview:-1\" \/>\n<link rel=\"canonical\" href=\"https:\/\/zergoungreenenergy.com\/fr\/a-propos-de-nous\/\" \/>\n<meta property=\"og:locale\" content=\"fr_FR\" \/>\n<meta property=\"og:type\" content=\"article\" \/>\n<meta property=\"og:title\" content=\"A propos\" \/>\n<meta property=\"og:description\" content=\"ZGE veut se d\u00e9velopper dans le domaine des \u00e9nergies renouvelables. Production de modules PV mise en service de la plus grande usine ...\" \/>\n<meta property=\"og:url\" content=\"https:\/\/zergoungreenenergy.com\/fr\/a-propos-de-nous\/\" \/>\n<meta property=\"og:site_name\" content=\"zergoun green energy\" \/>\n<meta property=\"article:modified_time\" content=\"2023-03-01T15:12:43+00:00\" \/>\n<meta name=\"twitter:card\" content=\"summary_large_image\" \/>\n<meta name=\"twitter:label1\" content=\"Dur\u00e9e de lecture estim\u00e9e\" \/>\n\t<meta name=\"twitter:data1\" content=\"3 minutes\" \/>\n<script type=\"application\/ld+json\" class=\"yoast-schema-graph\">{\"@context\":\"https:\/\/schema.org\",\"@graph\":[{\"@type\":\"WebPage\",\"@id\":\"https:\/\/zergoungreenenergy.com\/fr\/a-propos-de-nous\/\",\"url\":\"https:\/\/zergoungreenenergy.com\/fr\/a-propos-de-nous\/\",\"name\":\"Centrale solaire\",\"isPartOf\":{\"@id\":\"https:\/\/zergoungreenenergy.com\/fr\/#website\"},\"datePublished\":\"2016-06-13T15:48:45+00:00\",\"dateModified\":\"2023-03-01T15:12:43+00:00\",\"description\":\"ZGE veut se d\u00e9velopper dans le domaine des \u00e9nergies renouvelables. Production de modules PV mise en service de la plus grande usine ...\",\"breadcrumb\":{\"@id\":\"https:\/\/zergoungreenenergy.com\/fr\/a-propos-de-nous\/#breadcrumb\"},\"inLanguage\":\"fr-FR\",\"potentialAction\":[{\"@type\":\"ReadAction\",\"target\":[\"https:\/\/zergoungreenenergy.com\/fr\/a-propos-de-nous\/\"]}]},{\"@type\":\"BreadcrumbList\",\"@id\":\"https:\/\/zergoungreenenergy.com\/fr\/a-propos-de-nous\/#breadcrumb\",\"itemListElement\":[{\"@type\":\"ListItem\",\"position\":1,\"name\":\"Home\",\"item\":\"https:\/\/zergoungreenenergy.com\/fr\/\"},{\"@type\":\"ListItem\",\"position\":2,\"name\":\"A propos\"}]},{\"@type\":\"WebSite\",\"@id\":\"https:\/\/zergoungreenenergy.com\/fr\/#website\",\"url\":\"https:\/\/zergoungreenenergy.com\/fr\/\",\"name\":\"zergoun green energy\",\"description\":\"\",\"potentialAction\":[{\"@type\":\"SearchAction\",\"target\":{\"@type\":\"EntryPoint\",\"urlTemplate\":\"https:\/\/zergoungreenenergy.com\/fr\/?s={search_term_string}\"},\"query-input\":\"required name=search_term_string\"}],\"inLanguage\":\"fr-FR\"}]}<\/script>\n<!-- \/ Yoast SEO Premium plugin. -->","yoast_head_json":{"title":"Centrale solaire","description":"ZGE veut se d\u00e9velopper dans le domaine des \u00e9nergies renouvelables. Production de modules PV mise en service de la plus grande usine ...","robots":{"index":"index","follow":"follow","max-snippet":"max-snippet:-1","max-image-preview":"max-image-preview:large","max-video-preview":"max-video-preview:-1"},"canonical":"https:\/\/zergoungreenenergy.com\/fr\/a-propos-de-nous\/","og_locale":"fr_FR","og_type":"article","og_title":"A propos","og_description":"ZGE veut se d\u00e9velopper dans le domaine des \u00e9nergies renouvelables. Production de modules PV mise en service de la plus grande usine ...","og_url":"https:\/\/zergoungreenenergy.com\/fr\/a-propos-de-nous\/","og_site_name":"zergoun green energy","article_modified_time":"2023-03-01T15:12:43+00:00","twitter_card":"summary_large_image","twitter_misc":{"Dur\u00e9e de lecture estim\u00e9e":"3 minutes"},"schema":{"@context":"https:\/\/schema.org","@graph":[{"@type":"WebPage","@id":"https:\/\/zergoungreenenergy.com\/fr\/a-propos-de-nous\/","url":"https:\/\/zergoungreenenergy.com\/fr\/a-propos-de-nous\/","name":"Centrale solaire","isPartOf":{"@id":"https:\/\/zergoungreenenergy.com\/fr\/#website"},"datePublished":"2016-06-13T15:48:45+00:00","dateModified":"2023-03-01T15:12:43+00:00","description":"ZGE veut se d\u00e9velopper dans le domaine des \u00e9nergies renouvelables. Production de modules PV mise en service de la plus grande usine ...","breadcrumb":{"@id":"https:\/\/zergoungreenenergy.com\/fr\/a-propos-de-nous\/#breadcrumb"},"inLanguage":"fr-FR","potentialAction":[{"@type":"ReadAction","target":["https:\/\/zergoungreenenergy.com\/fr\/a-propos-de-nous\/"]}]},{"@type":"BreadcrumbList","@id":"https:\/\/zergoungreenenergy.com\/fr\/a-propos-de-nous\/#breadcrumb","itemListElement":[{"@type":"ListItem","position":1,"name":"Home","item":"https:\/\/zergoungreenenergy.com\/fr\/"},{"@type":"ListItem","position":2,"name":"A propos"}]},{"@type":"WebSite","@id":"https:\/\/zergoungreenenergy.com\/fr\/#website","url":"https:\/\/zergoungreenenergy.com\/fr\/","name":"zergoun green energy","description":"","potentialAction":[{"@type":"SearchAction","target":{"@type":"EntryPoint","urlTemplate":"https:\/\/zergoungreenenergy.com\/fr\/?s={search_term_string}"},"query-input":"required name=search_term_string"}],"inLanguage":"fr-FR"}]}},"_links":{"self":[{"href":"https:\/\/zergoungreenenergy.com\/fr\/wp-json\/wp\/v2\/pages\/55"}],"collection":[{"href":"https:\/\/zergoungreenenergy.com\/fr\/wp-json\/wp\/v2\/pages"}],"about":[{"href":"https:\/\/zergoungreenenergy.com\/fr\/wp-json\/wp\/v2\/types\/page"}],"author":[{"embeddable":true,"href":"https:\/\/zergoungreenenergy.com\/fr\/wp-json\/wp\/v2\/users\/2"}],"replies":[{"embeddable":true,"href":"https:\/\/zergoungreenenergy.com\/fr\/wp-json\/wp\/v2\/comments?post=55"}],"version-history":[{"count":41,"href":"https:\/\/zergoungreenenergy.com\/fr\/wp-json\/wp\/v2\/pages\/55\/revisions"}],"predecessor-version":[{"id":3477,"href":"https:\/\/zergoungreenenergy.com\/fr\/wp-json\/wp\/v2\/pages\/55\/revisions\/3477"}],"wp:attachment":[{"href":"https:\/\/zergoungreenenergy.com\/fr\/wp-json\/wp\/v2\/media?parent=55"}],"curies":[{"name":"wp","href":"https:\/\/api.w.org\/{rel}","templated":true}]}}