{"id":60,"date":"2016-06-14T01:43:48","date_gmt":"2016-06-14T01:43:48","guid":{"rendered":"http:\/\/sw-themes.com\/porto_dummy\/?page_id=60"},"modified":"2023-05-25T15:19:57","modified_gmt":"2023-05-25T15:19:57","slug":"produits-2","status":"publish","type":"page","link":"https:\/\/zergoungreenenergy.com\/fr\/produits-2\/","title":{"rendered":"Produits"},"content":{"rendered":"<section class=\"wpb-content-wrapper\"><p>[vc_row is_section=\u00a0\u00bbyes\u00a0\u00bb section_skin=\u00a0\u00bbparallax\u00a0\u00bb remove_margin_top=\u00a0\u00bbyes\u00a0\u00bb remove_margin_bottom=\u00a0\u00bbyes\u00a0\u00bb remove_border=\u00a0\u00bbyes\u00a0\u00bb][vc_column width=\u00a0\u00bb1\/2&Prime; el_class=\u00a0\u00bborder-md-2&Prime;][vc_single_image image=\u00a0\u00bb3145&Prime; img_size=\u00a0\u00bbfull\u00a0\u00bb style=\u00a0\u00bbvc_box_shadow\u00a0\u00bb animation_delay=\u00a0\u00bb100&Prime; animation_type=\u00a0\u00bbfadeInRight\u00a0\u00bb el_class=\u00a0\u00bbmb-4&Prime; css=\u00a0\u00bb.vc_custom_1675775062632{padding-top: 70px !important;}\u00a0\u00bb][\/vc_column][vc_column width=\u00a0\u00bb1\/2&Prime;][vc_row_inner el_class=\u00a0\u00bboverflow-hidden\u00a0\u00bb][vc_column_inner]<div class=\"porto-u-heading  wpb_custom_95aa9a11c17ad45cfabaf210d84ee7cc\" data-hspacer=\"no_spacer\" data-halign=\"left\" style=\"text-align:left\" data-appear-animation=\"maskUp\" data-appear-animation-delay=\"300\"><div class=\"porto-u-main-heading\"><h2   style=\"font-weight:700;font-size:32px;\">Fabrication<\/h2><\/div><div class=\"porto-u-sub-heading\" style=\"font-weight:700;color: #0088cc;font-size:14px;\">\n<p class=\"text-uppercase\">L\u2019industrie solaire photovolta\u00efque<\/p>\n<p><\/div><\/div>[\/vc_column_inner][\/vc_row_inner][vc_column_text css_animation=\u00a0\u00bbfadeInUp\u00a0\u00bb]<span style=\"font-size: 17px;\">une industrie tr\u00e8s capitalistique qui cr\u00e9e tr\u00e8s peu d\u2019emplois au regard des investissement.<\/span><\/p>\n<p><span style=\"font-size: 17px;\">Zergoun Green Energy a d\u00e9lib\u00e9r\u00e9ment opt\u00e9 de se situer en bout de chaine: l\u2019assemblage de panneaux. Ce choix strat\u00e9gique lui laisse l\u2019enti\u00e8re ind\u00e9pendance de pouvoir toujours choisir les cellules de derni\u00e8res g\u00e9n\u00e9rations sans avoir \u00e0 supporter les co\u00fbts exorbitants de la recherche et d\u00e9veloppement sur une technologie en constante \u00e9volution.<\/span>[\/vc_column_text][vc_separator color=\u00a0\u00bbcustom\u00a0\u00bb css_animation=\u00a0\u00bbfadeInUp\u00a0\u00bb style=\u00a0\u00bbsolid\u00a0\u00bb gap=\u00a0\u00bbtall\u00a0\u00bb accent_color=\u00a0\u00bbrgba(0,0,0,0.06)\u00a0\u00bb][\/vc_column][\/vc_row][vc_row][vc_column]<div id=\"porto-products-9298\" class=\"porto-products wpb_content_element theme_option wpb_custom_c9b29ede315f81ce7e062dc664e7ed90\"><div class=\"woocommerce columns-3 \"><ul class=\"products products-container grid show-nav-middle pcols-lg-3 pcols-md-3 pcols-xs-2 pcols-ls-2 pwidth-lg-3 pwidth-md-3 pwidth-xs-2 pwidth-ls-1 is-shortcode\"\r\n\t data-product_layout=\"product-outimage\">\r\n\r\n<li class=\"product-col product-outimage product type-product post-3120 status-publish first instock product_cat-non-classe has-post-thumbnail shipping-taxable product-type-simple\">\r\n<div class=\"product-inner\">\r\n\t\r\n\t<div class=\"product-image\">\r\n\r\n\t\t<a  href=\"https:\/\/zergoungreenenergy.com\/fr\/produit\/module-poly-ma-5bb-module-polycristallin-60-cellules-255w-270w\/\" aria-label=\"product\">\r\n\t\t\t<div class=\"inner\"><img loading=\"lazy\" decoding=\"async\" width=\"300\" height=\"300\" src=\"https:\/\/zergoungreenenergy.com\/fr\/wp-content\/uploads\/2023\/02\/MODULE-POLY-MA-5BB-Module-polycristallin-60-CELLULES-255W-\u2013-270W-zge-300x300.jpg\" class=\" wp-post-image\" alt=\"\" \/><\/div>\t\t<\/a>\r\n\t\t\t<\/div>\r\n\r\n\t<div class=\"product-content\">\r\n\t\t<span class=\"category-list\"><a href=\"https:\/\/zergoungreenenergy.com\/fr\/categorie-produit\/non-classe\/\" rel=\"tag\">Non class\u00e9<\/a><\/span>\r\n\t\t\t<a class=\"product-loop-title\"  href=\"https:\/\/zergoungreenenergy.com\/fr\/produit\/module-poly-ma-5bb-module-polycristallin-60-cellules-255w-270w\/\">\r\n\t<h3 class=\"woocommerce-loop-product__title\">MODULE POLY MA 5BB Module polycristallin 60 CELLULES 255W &#8211; 270W<\/h3>\t<\/a>\r\n\t\r\n\t\t\r\n\t\t\t<\/div>\r\n<\/div>\r\n<\/li>\r\n\r\n<li class=\"product-col product-outimage product type-product post-3111 status-publish instock product_cat-non-classe has-post-thumbnail shipping-taxable product-type-simple\">\r\n<div class=\"product-inner\">\r\n\t\r\n\t<div class=\"product-image\">\r\n\r\n\t\t<a  href=\"https:\/\/zergoungreenenergy.com\/fr\/produit\/ma-5bb-mono-module-60-cellules-module-monocristallin-310-w-325-w\/\" aria-label=\"product\">\r\n\t\t\t<div class=\"inner\"><img loading=\"lazy\" decoding=\"async\" width=\"300\" height=\"300\" src=\"https:\/\/zergoungreenenergy.com\/fr\/wp-content\/uploads\/2023\/02\/TECHNOLOGIE-MONO-PERC-CELLULE-M3-60-GAMME-DE-PUISSANCE-320W-\u2013-335W-zge-1-300x300.jpg\" class=\" wp-post-image\" alt=\"\" \/><\/div>\t\t<\/a>\r\n\t\t\t<\/div>\r\n\r\n\t<div class=\"product-content\">\r\n\t\t<span class=\"category-list\"><a href=\"https:\/\/zergoungreenenergy.com\/fr\/categorie-produit\/non-classe\/\" rel=\"tag\">Non class\u00e9<\/a><\/span>\r\n\t\t\t<a class=\"product-loop-title\"  href=\"https:\/\/zergoungreenenergy.com\/fr\/produit\/ma-5bb-mono-module-60-cellules-module-monocristallin-310-w-325-w\/\">\r\n\t<h3 class=\"woocommerce-loop-product__title\">MA 5BB MONO MODULE 60 CELLULES Module monocristallin 310 W &#8211; 325 W<\/h3>\t<\/a>\r\n\t\r\n\t\t\r\n\t\t\t<\/div>\r\n<\/div>\r\n<\/li>\r\n\r\n<li class=\"product-col product-outimage product type-product post-3123 status-publish last instock product_cat-non-classe has-post-thumbnail shipping-taxable product-type-simple\">\r\n<div class=\"product-inner\">\r\n\t\r\n\t<div class=\"product-image\">\r\n\r\n\t\t<a  href=\"https:\/\/zergoungreenenergy.com\/fr\/produit\/module-poly-ma-5bb-module-polycristallin-72-cellules-315w-330w\/\" aria-label=\"product\">\r\n\t\t\t<div class=\"inner\"><img loading=\"lazy\" decoding=\"async\" width=\"300\" height=\"300\" src=\"https:\/\/zergoungreenenergy.com\/fr\/wp-content\/uploads\/2023\/02\/MODULE-POLY-MA-5BB-Module-polycristallin-72-CELLULES-315W-\u2013-330W-300x300.jpg\" class=\" wp-post-image\" alt=\"\" \/><\/div>\t\t<\/a>\r\n\t\t\t<\/div>\r\n\r\n\t<div class=\"product-content\">\r\n\t\t<span class=\"category-list\"><a href=\"https:\/\/zergoungreenenergy.com\/fr\/categorie-produit\/non-classe\/\" rel=\"tag\">Non class\u00e9<\/a><\/span>\r\n\t\t\t<a class=\"product-loop-title\"  href=\"https:\/\/zergoungreenenergy.com\/fr\/produit\/module-poly-ma-5bb-module-polycristallin-72-cellules-315w-330w\/\">\r\n\t<h3 class=\"woocommerce-loop-product__title\">MODULE POLY MA 5BB Module polycristallin 72 CELLULES 315W &#8211; 330W<\/h3>\t<\/a>\r\n\t\r\n\t\t\r\n\t\t\t<\/div>\r\n<\/div>\r\n<\/li>\r\n\r\n<li class=\"product-col product-outimage product type-product post-3127 status-publish first instock product_cat-non-classe has-post-thumbnail shipping-taxable product-type-simple\">\r\n<div class=\"product-inner\">\r\n\t\r\n\t<div class=\"product-image\">\r\n\r\n\t\t<a  href=\"https:\/\/zergoungreenenergy.com\/fr\/produit\/technologie-mono-perc-cellule-m3-60-gamme-de-puissance-320w-335w\/\" aria-label=\"product\">\r\n\t\t\t<div class=\"inner\"><img loading=\"lazy\" decoding=\"async\" width=\"300\" height=\"300\" src=\"https:\/\/zergoungreenenergy.com\/fr\/wp-content\/uploads\/2023\/02\/TECHNOLOGIE-MONO-PERC-CELLULE-M3-60-GAMME-DE-PUISSANCE-320W-\u2013-335W-zge-300x300.jpg\" class=\" wp-post-image\" alt=\"\" \/><\/div>\t\t<\/a>\r\n\t\t\t<\/div>\r\n\r\n\t<div class=\"product-content\">\r\n\t\t<span class=\"category-list\"><a href=\"https:\/\/zergoungreenenergy.com\/fr\/categorie-produit\/non-classe\/\" rel=\"tag\">Non class\u00e9<\/a><\/span>\r\n\t\t\t<a class=\"product-loop-title\"  href=\"https:\/\/zergoungreenenergy.com\/fr\/produit\/technologie-mono-perc-cellule-m3-60-gamme-de-puissance-320w-335w\/\">\r\n\t<h3 class=\"woocommerce-loop-product__title\">TECHNOLOGIE MONO-PERC CELLULE M3 60 GAMME DE PUISSANCE 320W \u2013 335W<\/h3>\t<\/a>\r\n\t\r\n\t\t\r\n\t\t\t<\/div>\r\n<\/div>\r\n<\/li>\r\n\r\n<li class=\"product-col product-outimage product type-product post-3116 status-publish instock product_cat-non-classe has-post-thumbnail shipping-taxable product-type-simple\">\r\n<div class=\"product-inner\">\r\n\t\r\n\t<div class=\"product-image\">\r\n\r\n\t\t<a  href=\"https:\/\/zergoungreenenergy.com\/fr\/produit\/technologie-mono-perc-m2-72-cellules-gamme-de-puissance-375w-390w\/\" aria-label=\"product\">\r\n\t\t\t<div class=\"inner\"><img loading=\"lazy\" decoding=\"async\" width=\"300\" height=\"300\" src=\"https:\/\/zergoungreenenergy.com\/fr\/wp-content\/uploads\/2023\/02\/TECHNOLOGIE-MONO-PERC-M2-72-CELLULES-GAMME-DE-PUISSANCE-375W-390W-300x300.jpg\" class=\" wp-post-image\" alt=\"\" \/><\/div>\t\t<\/a>\r\n\t\t\t<\/div>\r\n\r\n\t<div class=\"product-content\">\r\n\t\t<span class=\"category-list\"><a href=\"https:\/\/zergoungreenenergy.com\/fr\/categorie-produit\/non-classe\/\" rel=\"tag\">Non class\u00e9<\/a><\/span>\r\n\t\t\t<a class=\"product-loop-title\"  href=\"https:\/\/zergoungreenenergy.com\/fr\/produit\/technologie-mono-perc-m2-72-cellules-gamme-de-puissance-375w-390w\/\">\r\n\t<h3 class=\"woocommerce-loop-product__title\">TECHNOLOGIE MONO-PERC M2 72 CELLULES GAMME DE PUISSANCE 375W-390W<\/h3>\t<\/a>\r\n\t\r\n\t\t\r\n\t\t\t<\/div>\r\n<\/div>\r\n<\/li>\r\n\r\n<li class=\"product-col product-outimage product type-product post-3131 status-publish last instock product_cat-non-classe has-post-thumbnail shipping-taxable product-type-simple\">\r\n<div class=\"product-inner\">\r\n\t\r\n\t<div class=\"product-image\">\r\n\r\n\t\t<a  href=\"https:\/\/zergoungreenenergy.com\/fr\/produit\/technologie-mono-perc-cellule-m3-72-gamme-de-puissance-390w-405w\/\" aria-label=\"product\">\r\n\t\t\t<div class=\"inner\"><img loading=\"lazy\" decoding=\"async\" width=\"300\" height=\"300\" src=\"https:\/\/zergoungreenenergy.com\/fr\/wp-content\/uploads\/2023\/02\/TECHNOLOGIE-MONO-PERC-CELLULE-M3-72-GAMME-DE-PUISSANCE-390W-\u2013-405W-300x300.jpg\" class=\" wp-post-image\" alt=\"\" \/><\/div>\t\t<\/a>\r\n\t\t\t<\/div>\r\n\r\n\t<div class=\"product-content\">\r\n\t\t<span class=\"category-list\"><a href=\"https:\/\/zergoungreenenergy.com\/fr\/categorie-produit\/non-classe\/\" rel=\"tag\">Non class\u00e9<\/a><\/span>\r\n\t\t\t<a class=\"product-loop-title\"  href=\"https:\/\/zergoungreenenergy.com\/fr\/produit\/technologie-mono-perc-cellule-m3-72-gamme-de-puissance-390w-405w\/\">\r\n\t<h3 class=\"woocommerce-loop-product__title\">TECHNOLOGIE MONO-PERC CELLULE M3 72 GAMME DE PUISSANCE 390W \u2013 405W<\/h3>\t<\/a>\r\n\t\r\n\t\t\r\n\t\t\t<\/div>\r\n<\/div>\r\n<\/li>\r\n<\/ul>\r\n<\/div><\/div>[\/vc_column][\/vc_row][vc_row][vc_column][vc_gallery type=\u00a0\u00bbflexslider_slide\u00a0\u00bb interval=\u00a0\u00bb3&Prime; images=\u00a0\u00bb3615,3616,3617,3618,3619,3620,3621,3622,3623,3624&Prime; img_size=\u00a0\u00bbfull\u00a0\u00bb][\/vc_column][\/vc_row]<\/p>\n<\/section>","protected":false},"excerpt":{"rendered":"<p>[vc_row is_section=\u00a0\u00bbyes\u00a0\u00bb section_skin=\u00a0\u00bbparallax\u00a0\u00bb remove_margin_top=\u00a0\u00bbyes\u00a0\u00bb remove_margin_bottom=\u00a0\u00bbyes\u00a0\u00bb remove_border=\u00a0\u00bbyes\u00a0\u00bb][vc_column width=\u00a0\u00bb1\/2&Prime; el_class=\u00a0\u00bborder-md-2&Prime;][vc_single_image image=\u00a0\u00bb3145&Prime; img_size=\u00a0\u00bbfull\u00a0\u00bb style=\u00a0\u00bbvc_box_shadow\u00a0\u00bb animation_delay=\u00a0\u00bb100&Prime; animation_type=\u00a0\u00bbfadeInRight\u00a0\u00bb el_class=\u00a0\u00bbmb-4&Prime; css=\u00a0\u00bb.vc_custom_1675775062632{padding-top: 70px !important;}\u00a0\u00bb][\/vc_column][vc_column width=\u00a0\u00bb1\/2&Prime;][vc_row_inner el_class=\u00a0\u00bboverflow-hidden\u00a0\u00bb][vc_column_inner][\/vc_column_inner][\/vc_row_inner][vc_column_text css_animation=\u00a0\u00bbfadeInUp\u00a0\u00bb]une industrie tr\u00e8s capitalistique qui cr\u00e9e tr\u00e8s peu d\u2019emplois au regard des investissement. Zergoun Green Energy a d\u00e9lib\u00e9r\u00e9ment opt\u00e9 de se situer en bout de chaine: l\u2019assemblage de panneaux. Ce choix strat\u00e9gique lui laisse l\u2019enti\u00e8re ind\u00e9pendance [&hellip;]<\/p>\n","protected":false},"author":2,"featured_media":0,"parent":0,"menu_order":0,"comment_status":"closed","ping_status":"closed","template":"","meta":{"footnotes":""},"yoast_head":"<!-- This site is optimized with the Yoast SEO Premium plugin v20.0 (Yoast SEO v21.7) - https:\/\/yoast.com\/wordpress\/plugins\/seo\/ -->\n<title>Industrie solaire photovolta\u00efque<\/title>\n<meta name=\"description\" content=\"une industrie tr\u00e8s capitalistique qui cr\u00e9e tr\u00e8s peu d\u2019emplois au regard des investissement. Zergoun Green Energy a d\u00e9lib\u00e9r\u00e9ment opt\u00e9 de ...\" \/>\n<meta name=\"robots\" content=\"index, follow, max-snippet:-1, max-image-preview:large, max-video-preview:-1\" \/>\n<link rel=\"canonical\" href=\"https:\/\/zergoungreenenergy.com\/fr\/produits-2\/\" \/>\n<meta property=\"og:locale\" content=\"fr_FR\" \/>\n<meta property=\"og:type\" content=\"article\" \/>\n<meta property=\"og:title\" content=\"Produits\" \/>\n<meta property=\"og:description\" content=\"une industrie tr\u00e8s capitalistique qui cr\u00e9e tr\u00e8s peu d\u2019emplois au regard des investissement. Zergoun Green Energy a d\u00e9lib\u00e9r\u00e9ment opt\u00e9 de ...\" \/>\n<meta property=\"og:url\" content=\"https:\/\/zergoungreenenergy.com\/fr\/produits-2\/\" \/>\n<meta property=\"og:site_name\" content=\"zergoun green energy\" \/>\n<meta property=\"article:modified_time\" content=\"2023-05-25T15:19:57+00:00\" \/>\n<meta name=\"twitter:card\" content=\"summary_large_image\" \/>\n<meta name=\"twitter:label1\" content=\"Dur\u00e9e de lecture estim\u00e9e\" \/>\n\t<meta name=\"twitter:data1\" content=\"1 minute\" \/>\n<script type=\"application\/ld+json\" class=\"yoast-schema-graph\">{\"@context\":\"https:\/\/schema.org\",\"@graph\":[{\"@type\":\"WebPage\",\"@id\":\"https:\/\/zergoungreenenergy.com\/fr\/produits-2\/\",\"url\":\"https:\/\/zergoungreenenergy.com\/fr\/produits-2\/\",\"name\":\"Industrie solaire photovolta\u00efque\",\"isPartOf\":{\"@id\":\"https:\/\/zergoungreenenergy.com\/fr\/#website\"},\"datePublished\":\"2016-06-14T01:43:48+00:00\",\"dateModified\":\"2023-05-25T15:19:57+00:00\",\"description\":\"une industrie tr\u00e8s capitalistique qui cr\u00e9e tr\u00e8s peu d\u2019emplois au regard des investissement. Zergoun Green Energy a d\u00e9lib\u00e9r\u00e9ment opt\u00e9 de ...\",\"breadcrumb\":{\"@id\":\"https:\/\/zergoungreenenergy.com\/fr\/produits-2\/#breadcrumb\"},\"inLanguage\":\"fr-FR\",\"potentialAction\":[{\"@type\":\"ReadAction\",\"target\":[\"https:\/\/zergoungreenenergy.com\/fr\/produits-2\/\"]}]},{\"@type\":\"BreadcrumbList\",\"@id\":\"https:\/\/zergoungreenenergy.com\/fr\/produits-2\/#breadcrumb\",\"itemListElement\":[{\"@type\":\"ListItem\",\"position\":1,\"name\":\"Home\",\"item\":\"https:\/\/zergoungreenenergy.com\/fr\/\"},{\"@type\":\"ListItem\",\"position\":2,\"name\":\"Produits\"}]},{\"@type\":\"WebSite\",\"@id\":\"https:\/\/zergoungreenenergy.com\/fr\/#website\",\"url\":\"https:\/\/zergoungreenenergy.com\/fr\/\",\"name\":\"zergoun green energy\",\"description\":\"\",\"potentialAction\":[{\"@type\":\"SearchAction\",\"target\":{\"@type\":\"EntryPoint\",\"urlTemplate\":\"https:\/\/zergoungreenenergy.com\/fr\/?s={search_term_string}\"},\"query-input\":\"required name=search_term_string\"}],\"inLanguage\":\"fr-FR\"}]}<\/script>\n<!-- \/ Yoast SEO Premium plugin. -->","yoast_head_json":{"title":"Industrie solaire photovolta\u00efque","description":"une industrie tr\u00e8s capitalistique qui cr\u00e9e tr\u00e8s peu d\u2019emplois au regard des investissement. Zergoun Green Energy a d\u00e9lib\u00e9r\u00e9ment opt\u00e9 de ...","robots":{"index":"index","follow":"follow","max-snippet":"max-snippet:-1","max-image-preview":"max-image-preview:large","max-video-preview":"max-video-preview:-1"},"canonical":"https:\/\/zergoungreenenergy.com\/fr\/produits-2\/","og_locale":"fr_FR","og_type":"article","og_title":"Produits","og_description":"une industrie tr\u00e8s capitalistique qui cr\u00e9e tr\u00e8s peu d\u2019emplois au regard des investissement. Zergoun Green Energy a d\u00e9lib\u00e9r\u00e9ment opt\u00e9 de ...","og_url":"https:\/\/zergoungreenenergy.com\/fr\/produits-2\/","og_site_name":"zergoun green energy","article_modified_time":"2023-05-25T15:19:57+00:00","twitter_card":"summary_large_image","twitter_misc":{"Dur\u00e9e de lecture estim\u00e9e":"1 minute"},"schema":{"@context":"https:\/\/schema.org","@graph":[{"@type":"WebPage","@id":"https:\/\/zergoungreenenergy.com\/fr\/produits-2\/","url":"https:\/\/zergoungreenenergy.com\/fr\/produits-2\/","name":"Industrie solaire photovolta\u00efque","isPartOf":{"@id":"https:\/\/zergoungreenenergy.com\/fr\/#website"},"datePublished":"2016-06-14T01:43:48+00:00","dateModified":"2023-05-25T15:19:57+00:00","description":"une industrie tr\u00e8s capitalistique qui cr\u00e9e tr\u00e8s peu d\u2019emplois au regard des investissement. Zergoun Green Energy a d\u00e9lib\u00e9r\u00e9ment opt\u00e9 de ...","breadcrumb":{"@id":"https:\/\/zergoungreenenergy.com\/fr\/produits-2\/#breadcrumb"},"inLanguage":"fr-FR","potentialAction":[{"@type":"ReadAction","target":["https:\/\/zergoungreenenergy.com\/fr\/produits-2\/"]}]},{"@type":"BreadcrumbList","@id":"https:\/\/zergoungreenenergy.com\/fr\/produits-2\/#breadcrumb","itemListElement":[{"@type":"ListItem","position":1,"name":"Home","item":"https:\/\/zergoungreenenergy.com\/fr\/"},{"@type":"ListItem","position":2,"name":"Produits"}]},{"@type":"WebSite","@id":"https:\/\/zergoungreenenergy.com\/fr\/#website","url":"https:\/\/zergoungreenenergy.com\/fr\/","name":"zergoun green energy","description":"","potentialAction":[{"@type":"SearchAction","target":{"@type":"EntryPoint","urlTemplate":"https:\/\/zergoungreenenergy.com\/fr\/?s={search_term_string}"},"query-input":"required name=search_term_string"}],"inLanguage":"fr-FR"}]}},"_links":{"self":[{"href":"https:\/\/zergoungreenenergy.com\/fr\/wp-json\/wp\/v2\/pages\/60"}],"collection":[{"href":"https:\/\/zergoungreenenergy.com\/fr\/wp-json\/wp\/v2\/pages"}],"about":[{"href":"https:\/\/zergoungreenenergy.com\/fr\/wp-json\/wp\/v2\/types\/page"}],"author":[{"embeddable":true,"href":"https:\/\/zergoungreenenergy.com\/fr\/wp-json\/wp\/v2\/users\/2"}],"replies":[{"embeddable":true,"href":"https:\/\/zergoungreenenergy.com\/fr\/wp-json\/wp\/v2\/comments?post=60"}],"version-history":[{"count":24,"href":"https:\/\/zergoungreenenergy.com\/fr\/wp-json\/wp\/v2\/pages\/60\/revisions"}],"predecessor-version":[{"id":3333,"href":"https:\/\/zergoungreenenergy.com\/fr\/wp-json\/wp\/v2\/pages\/60\/revisions\/3333"}],"wp:attachment":[{"href":"https:\/\/zergoungreenenergy.com\/fr\/wp-json\/wp\/v2\/media?parent=60"}],"curies":[{"name":"wp","href":"https:\/\/api.w.org\/{rel}","templated":true}]}}