{"id":3116,"date":"2023-02-07T08:43:17","date_gmt":"2023-02-07T08:43:17","guid":{"rendered":"https:\/\/zergoungreenenergy.com\/zge\/?post_type=product&#038;p=3116"},"modified":"2023-05-23T14:40:46","modified_gmt":"2023-05-23T14:40:46","slug":"technologie-mono-perc-m2-72-cellules-gamme-de-puissance-375w-390w","status":"publish","type":"product","link":"https:\/\/zergoungreenenergy.com\/fr\/produit\/technologie-mono-perc-m2-72-cellules-gamme-de-puissance-375w-390w\/","title":{"rendered":"TECHNOLOGIE MONO-PERC M2 72 CELLULES GAMME DE PUISSANCE 375W-390W"},"content":{"rendered":"","protected":false},"excerpt":{"rendered":"<h4><strong>HIGH RETURN ON INVESTMENT<\/strong><\/h4>\n<ul>\n<li>\u00a0Excellent for large scale installations.<\/li>\n<li>\u00a01500V IEC certified.<\/li>\n<li>High power reduces installation time and BOS costs.<\/li>\n<\/ul>\n<h4><strong>HIGHER OUTPUT POWER PER SURFACE<\/strong><\/h4>\n<ul>\n<li>High quality monocrystalline PERC M2 cells.<\/li>\n<\/ul>\n<h4><strong>EXCELLENT WITHSTAND CHALLENGING ENVIRONMENTAL CONDITIONS<\/strong><\/h4>\n<ul>\n<li>35mm hail stones at 97 km\/h.<\/li>\n<li>2400Pa wind load and 5400 Pa snow load.<\/li>\n<\/ul>\n<h4><strong>EXCELLENT DURABILITY RELIABILITY PERFORMANCE<\/strong><\/h4>\n<ul>\n<li>Excellent PID resistant.<\/li>\n<li>All modules have to pass electroluminescence<br \/>\ninspection<\/li>\n<\/ul>\n<p><a href=\"https:\/\/zergoungreenenergy.com\/fr\/wp-content\/uploads\/2023\/02\/M2-mono-72cells-375-390W-F.pdf\" target=\"_blank\" rel=\"noopener\"><button style=\"background-color: #0088cc; padding: 10px; color: #fff; font-size: 16px; margin-right: 100px; margin-left: 60px;\">T\u00e9l\u00e9charger la fiche t\u00e9chnique <\/button><\/a><\/p>\n","protected":false},"featured_media":3591,"comment_status":"closed","ping_status":"closed","template":"","meta":[],"product_cat":[104],"product_tag":[],"yoast_head":"<!-- This site is optimized with the Yoast SEO Premium plugin v20.0 (Yoast SEO v21.7) - https:\/\/yoast.com\/wordpress\/plugins\/seo\/ -->\n<title>TECHNOLOGIE MONO-PERC M2 72 CELLULES GAMME DE PUISSANCE 375W-390W - zergoun green energy<\/title>\n<meta name=\"robots\" content=\"index, follow, max-snippet:-1, max-image-preview:large, max-video-preview:-1\" \/>\n<link rel=\"canonical\" href=\"https:\/\/zergoungreenenergy.com\/fr\/produit\/technologie-mono-perc-m2-72-cellules-gamme-de-puissance-375w-390w\/\" \/>\n<meta property=\"og:locale\" content=\"fr_FR\" \/>\n<meta property=\"og:type\" content=\"article\" \/>\n<meta property=\"og:title\" content=\"TECHNOLOGIE MONO-PERC M2 72 CELLULES GAMME DE PUISSANCE 375W-390W\" \/>\n<meta property=\"og:description\" content=\"HIGH RETURN ON INVESTMENT   \u00a0Excellent for large scale installations.  \u00a01500V IEC certified.  High power reduces installation time and BOS costs.  HIGHER OUTPUT POWER PER SURFACE   High quality monocrystalline PERC M2 cells.  EXCELLENT WITHSTAND CHALLENGING ENVIRONMENTAL CONDITIONS   35mm hail stones at 97 km\/h.  2400Pa wind load and 5400 Pa snow load.  EXCELLENT DURABILITY RELIABILITY PERFORMANCE   Excellent PID resistant.  All modules have to pass electroluminescence inspection  T\u00e9l\u00e9charger la fiche t\u00e9chnique\" \/>\n<meta property=\"og:url\" content=\"https:\/\/zergoungreenenergy.com\/fr\/produit\/technologie-mono-perc-m2-72-cellules-gamme-de-puissance-375w-390w\/\" \/>\n<meta property=\"og:site_name\" content=\"zergoun green energy\" \/>\n<meta property=\"article:modified_time\" content=\"2023-05-23T14:40:46+00:00\" \/>\n<meta property=\"og:image\" content=\"https:\/\/zergoungreenenergy.com\/fr\/wp-content\/uploads\/2023\/02\/TECHNOLOGIE-MONO-PERC-M2-72-CELLULES-GAMME-DE-PUISSANCE-375W-390W.jpg\" \/>\n\t<meta property=\"og:image:width\" content=\"500\" \/>\n\t<meta property=\"og:image:height\" content=\"500\" \/>\n\t<meta property=\"og:image:type\" content=\"image\/jpeg\" \/>\n<meta name=\"twitter:card\" content=\"summary_large_image\" \/>\n<script type=\"application\/ld+json\" class=\"yoast-schema-graph\">{\"@context\":\"https:\/\/schema.org\",\"@graph\":[{\"@type\":\"WebPage\",\"@id\":\"https:\/\/zergoungreenenergy.com\/fr\/produit\/technologie-mono-perc-m2-72-cellules-gamme-de-puissance-375w-390w\/\",\"url\":\"https:\/\/zergoungreenenergy.com\/fr\/produit\/technologie-mono-perc-m2-72-cellules-gamme-de-puissance-375w-390w\/\",\"name\":\"TECHNOLOGIE MONO-PERC M2 72 CELLULES GAMME DE PUISSANCE 375W-390W - zergoun green energy\",\"isPartOf\":{\"@id\":\"https:\/\/zergoungreenenergy.com\/fr\/#website\"},\"datePublished\":\"2023-02-07T08:43:17+00:00\",\"dateModified\":\"2023-05-23T14:40:46+00:00\",\"breadcrumb\":{\"@id\":\"https:\/\/zergoungreenenergy.com\/fr\/produit\/technologie-mono-perc-m2-72-cellules-gamme-de-puissance-375w-390w\/#breadcrumb\"},\"inLanguage\":\"fr-FR\",\"potentialAction\":[{\"@type\":\"ReadAction\",\"target\":[\"https:\/\/zergoungreenenergy.com\/fr\/produit\/technologie-mono-perc-m2-72-cellules-gamme-de-puissance-375w-390w\/\"]}]},{\"@type\":\"BreadcrumbList\",\"@id\":\"https:\/\/zergoungreenenergy.com\/fr\/produit\/technologie-mono-perc-m2-72-cellules-gamme-de-puissance-375w-390w\/#breadcrumb\",\"itemListElement\":[{\"@type\":\"ListItem\",\"position\":1,\"name\":\"Home\",\"item\":\"https:\/\/zergoungreenenergy.com\/fr\/\"},{\"@type\":\"ListItem\",\"position\":2,\"name\":\"Produits\",\"item\":\"https:\/\/zergoungreenenergy.com\/fr\/produits\/\"},{\"@type\":\"ListItem\",\"position\":3,\"name\":\"TECHNOLOGIE MONO-PERC M2 72 CELLULES GAMME DE PUISSANCE 375W-390W\"}]},{\"@type\":\"WebSite\",\"@id\":\"https:\/\/zergoungreenenergy.com\/fr\/#website\",\"url\":\"https:\/\/zergoungreenenergy.com\/fr\/\",\"name\":\"zergoun green energy\",\"description\":\"\",\"potentialAction\":[{\"@type\":\"SearchAction\",\"target\":{\"@type\":\"EntryPoint\",\"urlTemplate\":\"https:\/\/zergoungreenenergy.com\/fr\/?s={search_term_string}\"},\"query-input\":\"required name=search_term_string\"}],\"inLanguage\":\"fr-FR\"}]}<\/script>\n<!-- \/ Yoast SEO Premium plugin. -->","yoast_head_json":{"title":"TECHNOLOGIE MONO-PERC M2 72 CELLULES GAMME DE PUISSANCE 375W-390W - zergoun green energy","robots":{"index":"index","follow":"follow","max-snippet":"max-snippet:-1","max-image-preview":"max-image-preview:large","max-video-preview":"max-video-preview:-1"},"canonical":"https:\/\/zergoungreenenergy.com\/fr\/produit\/technologie-mono-perc-m2-72-cellules-gamme-de-puissance-375w-390w\/","og_locale":"fr_FR","og_type":"article","og_title":"TECHNOLOGIE MONO-PERC M2 72 CELLULES GAMME DE PUISSANCE 375W-390W","og_description":"HIGH RETURN ON INVESTMENT   \u00a0Excellent for large scale installations.  \u00a01500V IEC certified.  High power reduces installation time and BOS costs.  HIGHER OUTPUT POWER PER SURFACE   High quality monocrystalline PERC M2 cells.  EXCELLENT WITHSTAND CHALLENGING ENVIRONMENTAL CONDITIONS   35mm hail stones at 97 km\/h.  2400Pa wind load and 5400 Pa snow load.  EXCELLENT DURABILITY RELIABILITY PERFORMANCE   Excellent PID resistant.  All modules have to pass electroluminescence inspection  T\u00e9l\u00e9charger la fiche t\u00e9chnique","og_url":"https:\/\/zergoungreenenergy.com\/fr\/produit\/technologie-mono-perc-m2-72-cellules-gamme-de-puissance-375w-390w\/","og_site_name":"zergoun green energy","article_modified_time":"2023-05-23T14:40:46+00:00","og_image":[{"width":500,"height":500,"url":"https:\/\/zergoungreenenergy.com\/fr\/wp-content\/uploads\/2023\/02\/TECHNOLOGIE-MONO-PERC-M2-72-CELLULES-GAMME-DE-PUISSANCE-375W-390W.jpg","type":"image\/jpeg"}],"twitter_card":"summary_large_image","schema":{"@context":"https:\/\/schema.org","@graph":[{"@type":"WebPage","@id":"https:\/\/zergoungreenenergy.com\/fr\/produit\/technologie-mono-perc-m2-72-cellules-gamme-de-puissance-375w-390w\/","url":"https:\/\/zergoungreenenergy.com\/fr\/produit\/technologie-mono-perc-m2-72-cellules-gamme-de-puissance-375w-390w\/","name":"TECHNOLOGIE MONO-PERC M2 72 CELLULES GAMME DE PUISSANCE 375W-390W - zergoun green energy","isPartOf":{"@id":"https:\/\/zergoungreenenergy.com\/fr\/#website"},"datePublished":"2023-02-07T08:43:17+00:00","dateModified":"2023-05-23T14:40:46+00:00","breadcrumb":{"@id":"https:\/\/zergoungreenenergy.com\/fr\/produit\/technologie-mono-perc-m2-72-cellules-gamme-de-puissance-375w-390w\/#breadcrumb"},"inLanguage":"fr-FR","potentialAction":[{"@type":"ReadAction","target":["https:\/\/zergoungreenenergy.com\/fr\/produit\/technologie-mono-perc-m2-72-cellules-gamme-de-puissance-375w-390w\/"]}]},{"@type":"BreadcrumbList","@id":"https:\/\/zergoungreenenergy.com\/fr\/produit\/technologie-mono-perc-m2-72-cellules-gamme-de-puissance-375w-390w\/#breadcrumb","itemListElement":[{"@type":"ListItem","position":1,"name":"Home","item":"https:\/\/zergoungreenenergy.com\/fr\/"},{"@type":"ListItem","position":2,"name":"Produits","item":"https:\/\/zergoungreenenergy.com\/fr\/produits\/"},{"@type":"ListItem","position":3,"name":"TECHNOLOGIE MONO-PERC M2 72 CELLULES GAMME DE PUISSANCE 375W-390W"}]},{"@type":"WebSite","@id":"https:\/\/zergoungreenenergy.com\/fr\/#website","url":"https:\/\/zergoungreenenergy.com\/fr\/","name":"zergoun green energy","description":"","potentialAction":[{"@type":"SearchAction","target":{"@type":"EntryPoint","urlTemplate":"https:\/\/zergoungreenenergy.com\/fr\/?s={search_term_string}"},"query-input":"required name=search_term_string"}],"inLanguage":"fr-FR"}]}},"_links":{"self":[{"href":"https:\/\/zergoungreenenergy.com\/fr\/wp-json\/wp\/v2\/product\/3116"}],"collection":[{"href":"https:\/\/zergoungreenenergy.com\/fr\/wp-json\/wp\/v2\/product"}],"about":[{"href":"https:\/\/zergoungreenenergy.com\/fr\/wp-json\/wp\/v2\/types\/product"}],"replies":[{"embeddable":true,"href":"https:\/\/zergoungreenenergy.com\/fr\/wp-json\/wp\/v2\/comments?post=3116"}],"wp:featuredmedia":[{"embeddable":true,"href":"https:\/\/zergoungreenenergy.com\/fr\/wp-json\/wp\/v2\/media\/3591"}],"wp:attachment":[{"href":"https:\/\/zergoungreenenergy.com\/fr\/wp-json\/wp\/v2\/media?parent=3116"}],"wp:term":[{"taxonomy":"product_cat","embeddable":true,"href":"https:\/\/zergoungreenenergy.com\/fr\/wp-json\/wp\/v2\/product_cat?post=3116"},{"taxonomy":"product_tag","embeddable":true,"href":"https:\/\/zergoungreenenergy.com\/fr\/wp-json\/wp\/v2\/product_tag?post=3116"}],"curies":[{"name":"wp","href":"https:\/\/api.w.org\/{rel}","templated":true}]}}