{"id":3123,"date":"2023-02-07T08:58:58","date_gmt":"2023-02-07T08:58:58","guid":{"rendered":"https:\/\/zergoungreenenergy.com\/zge\/?post_type=product&#038;p=3123"},"modified":"2023-05-23T14:39:44","modified_gmt":"2023-05-23T14:39:44","slug":"module-poly-ma-5bb-module-polycristallin-72-cellules-315w-330w","status":"publish","type":"product","link":"https:\/\/zergoungreenenergy.com\/fr\/produit\/module-poly-ma-5bb-module-polycristallin-72-cellules-315w-330w\/","title":{"rendered":"MODULE POLY MA 5BB Module polycristallin 72 CELLULES 315W &#8211; 330W"},"content":{"rendered":"","protected":false},"excerpt":{"rendered":"<h4><strong>HIGH RETURN ON INVESTMENT<\/strong><\/h4>\n<ul>\n<li>\u00a0Excellent for large scale installations.<\/li>\n<li>\u00a01500V IEC certified.<\/li>\n<li>\u00a0High power footprint reduces installation time and BOS<br \/>\ncosts.<\/li>\n<\/ul>\n<h4><strong>HIGHER OUTPUT POWERPER SURFACE<\/strong><\/h4>\n<ul>\n<li>High quality Poly-crystalline 5BB cells.<\/li>\n<\/ul>\n<h4><strong>EXCELLENT WITHSTAND CHALLENGING ENVIRONMENTAL CONDITIONS<\/strong><\/h4>\n<ul>\n<li>35mm hail stones at 97 km\/h.<\/li>\n<li>2400Pa wind load and 5400 Pa snow load.<\/li>\n<\/ul>\n<h4><strong>EXCELLENT DURABILITY RELIABILITY PERFORMANCE<\/strong><\/h4>\n<ul>\n<li>Excellent PID resistant.<\/li>\n<li>All modules have to pass electroluminescence<\/li>\n<li>inspection<\/li>\n<\/ul>\n<p><a href=\"https:\/\/zergoungreenenergy.com\/fr\/wp-content\/uploads\/2023\/02\/M2-poly-72cells-315-330W.pdf\" target=\"_blank\" rel=\"noopener\"><button style=\"background-color: #0088cc; padding: 10px; color: #fff; font-size: 16px; margin-right: 100px; margin-left: 60px;\">T\u00e9l\u00e9charger la fiche t\u00e9chnique <\/button><\/a><\/p>\n","protected":false},"featured_media":3590,"comment_status":"closed","ping_status":"closed","template":"","meta":[],"product_cat":[104],"product_tag":[],"yoast_head":"<!-- This site is optimized with the Yoast SEO Premium plugin v20.0 (Yoast SEO v21.7) - https:\/\/yoast.com\/wordpress\/plugins\/seo\/ -->\n<title>MODULE POLY MA 5BB Module polycristallin 72 CELLULES 315W - 330W - zergoun green energy<\/title>\n<meta name=\"robots\" content=\"index, follow, max-snippet:-1, max-image-preview:large, max-video-preview:-1\" \/>\n<link rel=\"canonical\" href=\"https:\/\/zergoungreenenergy.com\/fr\/produit\/module-poly-ma-5bb-module-polycristallin-72-cellules-315w-330w\/\" \/>\n<meta property=\"og:locale\" content=\"fr_FR\" \/>\n<meta property=\"og:type\" content=\"article\" \/>\n<meta property=\"og:title\" content=\"MODULE POLY MA 5BB Module polycristallin 72 CELLULES 315W - 330W\" \/>\n<meta property=\"og:description\" content=\"HIGH RETURN ON INVESTMENT   \u00a0Excellent for large scale installations.  \u00a01500V IEC certified.  \u00a0High power footprint reduces installation time and BOS costs.  HIGHER OUTPUT POWERPER SURFACE   High quality Poly-crystalline 5BB cells.  EXCELLENT WITHSTAND CHALLENGING ENVIRONMENTAL CONDITIONS   35mm hail stones at 97 km\/h.  2400Pa wind load and 5400 Pa snow load.  EXCELLENT DURABILITY RELIABILITY PERFORMANCE   Excellent PID resistant.  All modules have to pass electroluminescence  inspection  T\u00e9l\u00e9charger la fiche t\u00e9chnique\" \/>\n<meta property=\"og:url\" content=\"https:\/\/zergoungreenenergy.com\/fr\/produit\/module-poly-ma-5bb-module-polycristallin-72-cellules-315w-330w\/\" \/>\n<meta property=\"og:site_name\" content=\"zergoun green energy\" \/>\n<meta property=\"article:modified_time\" content=\"2023-05-23T14:39:44+00:00\" \/>\n<meta property=\"og:image\" content=\"https:\/\/zergoungreenenergy.com\/fr\/wp-content\/uploads\/2023\/02\/MODULE-POLY-MA-5BB-Module-polycristallin-72-CELLULES-315W-\u2013-330W.jpg\" \/>\n\t<meta property=\"og:image:width\" content=\"500\" \/>\n\t<meta property=\"og:image:height\" content=\"500\" \/>\n\t<meta property=\"og:image:type\" content=\"image\/jpeg\" \/>\n<meta name=\"twitter:card\" content=\"summary_large_image\" \/>\n<script type=\"application\/ld+json\" class=\"yoast-schema-graph\">{\"@context\":\"https:\/\/schema.org\",\"@graph\":[{\"@type\":\"WebPage\",\"@id\":\"https:\/\/zergoungreenenergy.com\/fr\/produit\/module-poly-ma-5bb-module-polycristallin-72-cellules-315w-330w\/\",\"url\":\"https:\/\/zergoungreenenergy.com\/fr\/produit\/module-poly-ma-5bb-module-polycristallin-72-cellules-315w-330w\/\",\"name\":\"MODULE POLY MA 5BB Module polycristallin 72 CELLULES 315W - 330W - zergoun green energy\",\"isPartOf\":{\"@id\":\"https:\/\/zergoungreenenergy.com\/fr\/#website\"},\"datePublished\":\"2023-02-07T08:58:58+00:00\",\"dateModified\":\"2023-05-23T14:39:44+00:00\",\"breadcrumb\":{\"@id\":\"https:\/\/zergoungreenenergy.com\/fr\/produit\/module-poly-ma-5bb-module-polycristallin-72-cellules-315w-330w\/#breadcrumb\"},\"inLanguage\":\"fr-FR\",\"potentialAction\":[{\"@type\":\"ReadAction\",\"target\":[\"https:\/\/zergoungreenenergy.com\/fr\/produit\/module-poly-ma-5bb-module-polycristallin-72-cellules-315w-330w\/\"]}]},{\"@type\":\"BreadcrumbList\",\"@id\":\"https:\/\/zergoungreenenergy.com\/fr\/produit\/module-poly-ma-5bb-module-polycristallin-72-cellules-315w-330w\/#breadcrumb\",\"itemListElement\":[{\"@type\":\"ListItem\",\"position\":1,\"name\":\"Home\",\"item\":\"https:\/\/zergoungreenenergy.com\/fr\/\"},{\"@type\":\"ListItem\",\"position\":2,\"name\":\"Produits\",\"item\":\"https:\/\/zergoungreenenergy.com\/fr\/produits\/\"},{\"@type\":\"ListItem\",\"position\":3,\"name\":\"MODULE POLY MA 5BB Module polycristallin 72 CELLULES 315W &#8211; 330W\"}]},{\"@type\":\"WebSite\",\"@id\":\"https:\/\/zergoungreenenergy.com\/fr\/#website\",\"url\":\"https:\/\/zergoungreenenergy.com\/fr\/\",\"name\":\"zergoun green energy\",\"description\":\"\",\"potentialAction\":[{\"@type\":\"SearchAction\",\"target\":{\"@type\":\"EntryPoint\",\"urlTemplate\":\"https:\/\/zergoungreenenergy.com\/fr\/?s={search_term_string}\"},\"query-input\":\"required name=search_term_string\"}],\"inLanguage\":\"fr-FR\"}]}<\/script>\n<!-- \/ Yoast SEO Premium plugin. -->","yoast_head_json":{"title":"MODULE POLY MA 5BB Module polycristallin 72 CELLULES 315W - 330W - zergoun green energy","robots":{"index":"index","follow":"follow","max-snippet":"max-snippet:-1","max-image-preview":"max-image-preview:large","max-video-preview":"max-video-preview:-1"},"canonical":"https:\/\/zergoungreenenergy.com\/fr\/produit\/module-poly-ma-5bb-module-polycristallin-72-cellules-315w-330w\/","og_locale":"fr_FR","og_type":"article","og_title":"MODULE POLY MA 5BB Module polycristallin 72 CELLULES 315W - 330W","og_description":"HIGH RETURN ON INVESTMENT   \u00a0Excellent for large scale installations.  \u00a01500V IEC certified.  \u00a0High power footprint reduces installation time and BOS costs.  HIGHER OUTPUT POWERPER SURFACE   High quality Poly-crystalline 5BB cells.  EXCELLENT WITHSTAND CHALLENGING ENVIRONMENTAL CONDITIONS   35mm hail stones at 97 km\/h.  2400Pa wind load and 5400 Pa snow load.  EXCELLENT DURABILITY RELIABILITY PERFORMANCE   Excellent PID resistant.  All modules have to pass electroluminescence  inspection  T\u00e9l\u00e9charger la fiche t\u00e9chnique","og_url":"https:\/\/zergoungreenenergy.com\/fr\/produit\/module-poly-ma-5bb-module-polycristallin-72-cellules-315w-330w\/","og_site_name":"zergoun green energy","article_modified_time":"2023-05-23T14:39:44+00:00","og_image":[{"width":500,"height":500,"url":"https:\/\/zergoungreenenergy.com\/fr\/wp-content\/uploads\/2023\/02\/MODULE-POLY-MA-5BB-Module-polycristallin-72-CELLULES-315W-\u2013-330W.jpg","type":"image\/jpeg"}],"twitter_card":"summary_large_image","schema":{"@context":"https:\/\/schema.org","@graph":[{"@type":"WebPage","@id":"https:\/\/zergoungreenenergy.com\/fr\/produit\/module-poly-ma-5bb-module-polycristallin-72-cellules-315w-330w\/","url":"https:\/\/zergoungreenenergy.com\/fr\/produit\/module-poly-ma-5bb-module-polycristallin-72-cellules-315w-330w\/","name":"MODULE POLY MA 5BB Module polycristallin 72 CELLULES 315W - 330W - zergoun green energy","isPartOf":{"@id":"https:\/\/zergoungreenenergy.com\/fr\/#website"},"datePublished":"2023-02-07T08:58:58+00:00","dateModified":"2023-05-23T14:39:44+00:00","breadcrumb":{"@id":"https:\/\/zergoungreenenergy.com\/fr\/produit\/module-poly-ma-5bb-module-polycristallin-72-cellules-315w-330w\/#breadcrumb"},"inLanguage":"fr-FR","potentialAction":[{"@type":"ReadAction","target":["https:\/\/zergoungreenenergy.com\/fr\/produit\/module-poly-ma-5bb-module-polycristallin-72-cellules-315w-330w\/"]}]},{"@type":"BreadcrumbList","@id":"https:\/\/zergoungreenenergy.com\/fr\/produit\/module-poly-ma-5bb-module-polycristallin-72-cellules-315w-330w\/#breadcrumb","itemListElement":[{"@type":"ListItem","position":1,"name":"Home","item":"https:\/\/zergoungreenenergy.com\/fr\/"},{"@type":"ListItem","position":2,"name":"Produits","item":"https:\/\/zergoungreenenergy.com\/fr\/produits\/"},{"@type":"ListItem","position":3,"name":"MODULE POLY MA 5BB Module polycristallin 72 CELLULES 315W &#8211; 330W"}]},{"@type":"WebSite","@id":"https:\/\/zergoungreenenergy.com\/fr\/#website","url":"https:\/\/zergoungreenenergy.com\/fr\/","name":"zergoun green energy","description":"","potentialAction":[{"@type":"SearchAction","target":{"@type":"EntryPoint","urlTemplate":"https:\/\/zergoungreenenergy.com\/fr\/?s={search_term_string}"},"query-input":"required name=search_term_string"}],"inLanguage":"fr-FR"}]}},"_links":{"self":[{"href":"https:\/\/zergoungreenenergy.com\/fr\/wp-json\/wp\/v2\/product\/3123"}],"collection":[{"href":"https:\/\/zergoungreenenergy.com\/fr\/wp-json\/wp\/v2\/product"}],"about":[{"href":"https:\/\/zergoungreenenergy.com\/fr\/wp-json\/wp\/v2\/types\/product"}],"replies":[{"embeddable":true,"href":"https:\/\/zergoungreenenergy.com\/fr\/wp-json\/wp\/v2\/comments?post=3123"}],"wp:featuredmedia":[{"embeddable":true,"href":"https:\/\/zergoungreenenergy.com\/fr\/wp-json\/wp\/v2\/media\/3590"}],"wp:attachment":[{"href":"https:\/\/zergoungreenenergy.com\/fr\/wp-json\/wp\/v2\/media?parent=3123"}],"wp:term":[{"taxonomy":"product_cat","embeddable":true,"href":"https:\/\/zergoungreenenergy.com\/fr\/wp-json\/wp\/v2\/product_cat?post=3123"},{"taxonomy":"product_tag","embeddable":true,"href":"https:\/\/zergoungreenenergy.com\/fr\/wp-json\/wp\/v2\/product_tag?post=3123"}],"curies":[{"name":"wp","href":"https:\/\/api.w.org\/{rel}","templated":true}]}}